{"id":4645,"date":"2020-01-04T22:27:59","date_gmt":"2020-01-04T22:27:59","guid":{"rendered":"http:\/\/www.eintracht-fahrenbach.de\/?page_id=4645"},"modified":"2020-01-04T22:32:08","modified_gmt":"2020-01-04T22:32:08","slug":"vereinschronik-2011-2015","status":"publish","type":"page","link":"https:\/\/www.eintracht-fahrenbach.de\/?page_id=4645","title":{"rendered":"Vereinschronik 2011 &#8211; 2015"},"content":{"rendered":"\n<h3><strong>2011<\/strong><\/h3>\n<p><span style=\"font-weight: 400;\">Das Festbankett und das Freundschaftssingen von 11 Ch\u00f6ren war beim 10-j\u00e4hrigen Jubil\u00e4um unseres Frauenchores am 21. und 22. Mai 2011 ein herausragendes Ereignis des Vereinsjahres. In der herrlich geschm\u00fcckten \u201eMaschinenhalle\u201c der Familie Langer wurde dieses Ereignis gefeiert. Eine Bilderausstellung \u00fcber die vergangenen 10 Jahre, sowie das von Richard J\u00f6st geschaffene B\u00fchnenbild rundeten ein tolles Fest ab. Besonderer Dank gilt der Familie Langer f\u00fcr die kostenlose \u00dcberlassung der Halle.<\/span><\/p>\n<p><span style=\"font-weight: 400;\">Erw\u00e4hnenswert sind weitere Aktivit\u00e4ten wie zum Beispiel die Gestaltung des Johannismarktfestwagens f\u00fcr den Ortsteil Fahrenbach mit dem Motivwagen \u201eSiegfriedsbrunnen\u201c. Erstmals f\u00fchrten wir beim Scheuerfest ein Volksliedersingen mit den Musikanten und dem Publikum durch.<\/span><\/p>\n<p><span style=\"font-weight: 400;\">Der Kinderchor war u.a. beim 10-j\u00e4hrigen Jubil\u00e4um des Frauenchores und bei der Nikolausbescherung der Sparkasse F\u00fcrth f\u00fcr unseren Verein aktiv. Erfreulich, dass unser Vereinsnikolaus wieder \u201eMehrarbeit\u201c zu verzeichnen hatte und dass unser Stand beim Weihnachtsmarkt trotz des sehr schlechten Wetters gut besucht war. Unsere Bastler\/Innen erhielten von den<\/span> <span style=\"font-weight: 400;\">Besuchern viel Lob.&nbsp;<\/span><\/p>\n<p><span style=\"font-weight: 400;\">Ein weiterer H\u00f6hepunkt war am 3.Advent das gemeinsame Konzert des M\u00e4nnerchores mit Frohsinn L\u00f6rzenbach in der Katholischen Kirche F\u00fcrth. Neben der hervorragenden Zusammenarbeit mit Frohsinn L\u00f6rzenbach bereitet es den Aktiven sehr viel Freude, Menschen ein kleines Geschenk mit dem Gesang machen zu k\u00f6nnen. Dass wir nicht nur &#8222;eigenes Publikum&#8220;, sondern viele Besucher, auch von au\u00dferhalb mit diesem Konzert begeistern konnten, zeigten verschiedene positive Reaktionen und die Resonanz in der Presse.<\/span><\/p>\n<p><span style=\"font-weight: 400;\">\u201eIn Freud und Leid zum Lied bereit\u201c, so hei\u00dft es in einem bekannten Chorsatz. Dies soll hier erw\u00e4hnt werden, weil wir neben sehr viel Freude auch Leid mit den Angeh\u00f6rigen unserer in diesem Jahr verstorbenen vier aktiven S\u00e4ngern und drei passiven Mitgliedern teilten und teilen.<\/span><\/p>\n<p>&nbsp;<\/p>\n<h3><strong>2012 &nbsp;<\/strong><\/h3>\n<p><span style=\"font-weight: 400;\">Herausragende Veranstaltungen waren am 05. Mai die Mitgestaltung des Festkommerses zum 60-j\u00e4hrigen Jubil\u00e4um des Sportvereins und der 4-t\u00e4gige Vereinsausflug in den Th\u00fcringer Wald mit tollen Eindr\u00fccken und Erlebnissen. Die Mitwirkung bei Jubil\u00e4en befreundeter Gesangvereine wie: 90 Jahre SKG L\u00f6hrbach durch den Frauenchor, 100 Jahre Volkschor Birkenau M\u00e4nnerchor und Kinderchor, 100 Jahre Eintracht Altneudorf MC, 100 Jahre S\u00e4ngerlust Lauten-Weschnitz FC und MC, waren weitere H\u00f6hepunkte.<\/span><\/p>\n<p><span style=\"font-weight: 400;\">Besonders erw\u00e4hnenswert ist der Umzug von unserem seitherigen Vereinslokal, dem Landgasthof H\u00f6lzing,&nbsp; in den Dorfgemeinschaftsraum am 28. September 2012. Hier gilt nochmals besonderer Dank der Familie H\u00f6lzing f\u00fcr die Bewirtung und Herrichtung des Probenraumes seit Bestehen unseres Vereines. Der Rahmen f\u00fcr diese Chronik w\u00fcrde gesprengt, um hier alle Aktivit\u00e4ten aufzuzeigen, die in \u00fcber 112 Jahren \u201eVereinsgastst\u00e4tte H\u00f6lzing\u201c dort stattfanden.&nbsp;<\/span><\/p>\n<p><span style=\"font-weight: 400;\">Mit einem St\u00e4ndchen f\u00fcr Gerold Schmid und dem Lied \u201eAbendfrieden\u201c wurde die letzte Chorprobe im Gasthof H\u00f6lzing beendet.<\/span><\/p>\n<p>&nbsp;<\/p>\n<h3><strong>2013<\/strong><\/h3>\n<p><span style=\"font-weight: 400;\">Die Teilnahme am Chorfest des S\u00e4ngerkreises Weschnitztal\/\u00dcberwald am 21.\/22. April wird besonders erw\u00e4hnt, weil die teilnehmenden Ch\u00f6re erstmals aus 3 M\u00f6glichkeiten ausw\u00e4hlen konnten.<\/span><\/p>\n<p><span style=\"font-weight: 400;\">Der Frauenchor beteiligte sich beim sog. \u201eFreien Singen\u201c bei dem keine Beurteilung durch einen Juror erfolgt. Der M\u00e4nnerchor konnte erstmals in Chorgemeinschaft mit Frohsinn L\u00f6rzenbach beim \u201eDiplomsingen\u201c nach den Beurteilungsregeln des Hessischen S\u00e4ngerbundes f\u00fcr Wertungssingen ein Golddiplom erringen.<\/span><\/p>\n<p><span style=\"font-weight: 400;\">Singen, guter Wein und ein \u00fcppiges Essen waren Garanten daf\u00fcr, dass die Weinprobenfahrt am 27. April nach L\u00f6wenstein, allen Teilnehmern viel Spa\u00df bereitete. Im Juni waren dann mehrere Termine zu bew\u00e4ltigen: Am 2. Juni errang die Chorgemeinschaft Frohsinn L\u00f6rzenbach\/Eintracht Fahrenbach anl. des 110 j\u00e4hrigen Bestehens&nbsp; des MGV Liederkranz Sulzbach in der Klasse M2 den 1. Platz, der mit einem riesengro\u00dfen Goldpokal belohnt wurde.<\/span><\/p>\n<p><span style=\"font-weight: 400;\">Vom 7. \u2013 9. Juni feierte die Freiwillige Feuerwehr Fahrenbach ihr 50-j\u00e4hriges Jubil\u00e4um. Hier gestaltete der M\u00e4nnerchor den Festkommers mit. Am 8. Juni (also am Festwochenende der FFW) war der M\u00e4nnerchor dann noch beim Festkommers der Lyra Schriesheim zum 90-j\u00e4hrigen Jubil\u00e4um aktiv. Schliesslich konnte die Chorgemeinschaft am 30. Juni 2013 beim 125 j\u00e4hrigen Jubil\u00e4um des MGV Eiterbach in einer stark besetzten Klasse M2 den 2. Klassenpreis und damit ein Silberdiplom erringen. Dank\u00e4mter bei zwei&nbsp; Goldenen Hochzeiten gestalteten sowohl der Frauen- als auch der M\u00e4nnerchor mit.&nbsp;<\/span><\/p>\n<p><span style=\"font-weight: 400;\">Erstmals wirkte der Frauenchor in diesem Jahre auch beim Volkstrauertag und der Seniorenfeier in Steinbach mit. Der Kinderchor probte im vergangenen Jahr einmal im Monat. Beim letzten Auftritt des Kinderchores am 5. Dezember in F\u00fcrth bei der Nikolausfeier der Sparkasse sangen 12&nbsp; Kinder mit.&nbsp;<\/span><\/p>\n<p>&nbsp;<\/p>\n<h3><strong>2014<\/strong><\/h3>\n<p><span style=\"font-weight: 400;\">Das Vereinsjahr 2014 war erneut gepr\u00e4gt, von vielen Aktivit\u00e4ten:<\/span><\/p>\n<table style=\"border-collapse: collapse; width: 100%;\">\n<tbody>\n<tr>\n<td style=\"width: 25.5444%;\"><span style=\"font-weight: 400;\">18. Jan. 2014<\/span><\/td>\n<td style=\"width: 74.4556%;\"><span style=\"font-weight: 400;\">Mitgliederversammlung des S\u00e4ngerkreises Weschnitztal\/\u00dcberwald in der SKG-Halle in L\u00f6hrbach<\/span><\/td>\n<\/tr>\n<tr>\n<td style=\"width: 25.5444%;\">29. <span style=\"font-weight: 400;\">M\u00e4rz 2014<\/span><\/td>\n<td style=\"width: 74.4556%;\"><span style=\"font-weight: 400;\">Teilnahme des Frauenchores am Chorabend des FC Eintracht Reichelsheim anl\u00e4sslich des 30-j\u00e4hrigen Bestehens<\/span><\/td>\n<\/tr>\n<tr>\n<td style=\"width: 25.5444%;\">06. April 2014<\/td>\n<td style=\"width: 74.4556%;\">\n<p><span style=\"font-weight: 400;\">110 Jahre Concordia Erbach Teilnahme des Frauen- und M\u00e4nnerchores am Freundschaftssingen<\/span><\/p>\n<\/td>\n<\/tr>\n<tr>\n<td style=\"width: 25.5444%;\">10. Mai 2014<\/td>\n<td style=\"width: 74.4556%;\">\n<p><span style=\"font-weight: 400;\">Halbtagesausflug nach Mosbach mit Stadtf\u00fchrung, anschliessend Auftritt des M\u00e4nnerchors beim Fr\u00fchjahrskonzert der Freundschaft Fahrenbach&nbsp;<\/span><\/p>\n<\/td>\n<\/tr>\n<tr>\n<td style=\"width: 25.5444%;\">31. Mai 2014<\/td>\n<td style=\"width: 74.4556%;\"><span style=\"font-weight: 400;\">170 Jahre&nbsp; MGV Liederkranz Reichartshausen Konzertsingen mit Chorgemeinschaft L\u00f6rzenbach\/Fahrenbach<\/span><\/td>\n<\/tr>\n<tr>\n<td style=\"width: 25.5444%;\">26. Nov 2014<\/td>\n<td style=\"width: 74.4556%;\"><span style=\"font-weight: 400;\">Musikalische Gr\u00fc\u00dfe des MC&nbsp; an die Bewohner des Seniorenheimes Johanniterhaus in Rimbach, hier insbesondere an Greta und Hans Christner<\/span><\/td>\n<\/tr>\n<\/tbody>\n<\/table>\n<p><span style=\"font-weight: 400;\">Am 29. Juni errang die Chorgemeinschaft Frohsinn L\u00f6rzenbach\/Eintracht Fahrenbach anl. des 125- j\u00e4hrigen Bestehens&nbsp; des Singvereins Freiheit Sch\u00f6nau beim Volksliederwertungssingen in der Klasse M2A den 1. Platz. Wir zitieren aus der Presse:<\/span><\/p>\n<p><strong>F\u00fcr 199 Punkte gibt es einen Goldpokal<\/strong><\/p>\n<p><span style=\"font-weight: 400;\">In der Evangelischen Stadtkirche Sch\u00f6nau stellte die Chorgemeinschaft L\u00f6rzenbach\/Fahrenbach&nbsp; ihr K\u00f6nnen unter Beweis. Als Wertungsrichter fungierte J\u00fcrgen Fa\u00dfbender, der u.a. K\u00fcnstlerischer Leiter des Landesjugendchors Hessen und Chorleiter renommierter Vereine ist.<\/span><\/p>\n<p><span style=\"font-weight: 400;\">Mit den Liedern \u201cDer Wanderer\u201c, \u201eWhen the lord says Come\u201c &#8211;&nbsp; und \u201eDie sch\u00f6ne Libuscha\u201c ersang sich die Chorgemeinschaft mit 199 Punkten den ersten Klassenpreis und den Dirigentenpreis. Mit dieser Punktzahl lag die Chorgemeinschaft nur einen Punkt hinter dem MGV Harmonie Aschbach, der mit 200 Punkten die gro\u00dfe Tagesbestleistung erzielte.&nbsp;<\/span><\/p>\n<p><span style=\"font-weight: 400;\">Die Freude bei den S\u00e4ngern und dem Dirigenten war nat\u00fcrlich gro\u00df und so wurde der gro\u00dfe&nbsp; Goldpokal im Festzelt und auch noch anschlie\u00dfend bei der gemeinsamen Heimfahrt mehrmals gef\u00fcllt und geleert.<\/span><\/p>\n<p><span style=\"font-weight: 400;\">Musikalischer H\u00f6hepunkt im Vereinsjahr war das Jubil\u00e4umskonzert \u201e20 Jahre Chorleiter Chordirektor ADC Frank Ewald\u201c mit der Chorgemeinschaft L\u00f6rzenbach\/Fahrenbach am 08.11.2014 in der SV Halle. Den \u00fcber 500 Zuh\u00f6rern boten beide Ch\u00f6re mit den Solistinnen und Solisten ein beeindruckendes Konzert.<\/span><\/p>\n<p><span style=\"font-weight: 400;\">&nbsp;Mit Selbstbeteiligung der Aktiven wurden einheitliche T-Shirts mit unserem Logo angeschafft, auch der M\u00e4nnerchor hat in der Chorgemeinschaft mit L\u00f6rzenbach neue Krawatten auch hier unter Selbstbeteiligung bekommen.<\/span><\/p>\n<p>&nbsp;<\/p>\n<h3><strong>2015<\/strong><\/h3>\n<p><span style=\"font-weight: 400;\">\u00dcberblick \u00fcber die Aktivit\u00e4ten unserer Ch\u00f6re:&nbsp;<\/span><\/p>\n<table style=\"border-collapse: collapse; width: 100%;\">\n<tbody>\n<tr>\n<td style=\"width: 30.2041%;\">14. <span style=\"font-weight: 400;\">M\u00e4rz<\/span><\/td>\n<td style=\"width: 69.7959%;\"><span style=\"font-weight: 400;\">Frauenchor bei den Swinging Cords Ellenbach \u201eSwingend in den Fr\u00fchling\u201c<\/span><\/td>\n<\/tr>\n<tr>\n<td style=\"width: 30.2041%;\">15. M\u00e4rz<\/td>\n<td style=\"width: 69.7959%;\"><span style=\"font-weight: 400;\">Versammlung der F\u00fcrther Vereine in der Stadiongastst\u00e4tte mit dem Thema Festzug Johannismarkt \u201eBundesl\u00e4nder\u201c. Hier gestalteten wir f\u00fcr den Festzug den Wagen des OT Fahrenbach&nbsp; \u201eHansestadt Hamburg\u201c. Der Aufbau und die Vorgeschichte mit einem \u201efertigen\u201c Schiff aus dem Mannheimer Hafen w\u00e4re eine Geschichte f\u00fcr sich. Dank der seem\u00e4nnischen Erfahrung von Siegfried Bauer und weiteren Helfern konnten wir ein Schiff komplett aus Holz mit Kaj\u00fcte, Nebel- und Signalhorn, Anker und Masten gestalten, das beim Umzug im Juni viel Lob und Anerkennung bei den Zuschauern fand.<\/span><\/td>\n<\/tr>\n<tr>\n<td style=\"width: 30.2041%;\">14. &#8211; 17. Mai<\/td>\n<td style=\"width: 69.7959%;\"><span style=\"font-weight: 400;\">Jahresausflug an den Bodensee mit 46 Personen. Hervorragendes Beiprogramm mit Fahrten nach Konstanz, Meersburg, Abstecher in die Schweiz (St. Gallen und S\u00e4ntis), K\u00e4sereibesichtigung in Appenzell.<\/span><\/td>\n<\/tr>\n<tr>\n<td style=\"width: 30.2041%;\">13. &amp; 14. Juni<\/td>\n<td style=\"width: 69.7959%;\"><span style=\"font-weight: 400;\">Sch\u00f6nmattenwager Chortage im Haus des Gastes mit Frauen- und M\u00e4nnerchor (auch hier als Chorgemeinschaft).<\/span><\/td>\n<\/tr>\n<tr>\n<td style=\"width: 30.2041%;\">28. Juni<\/td>\n<td style=\"width: 69.7959%;\"><span style=\"font-weight: 400;\">Mitwirkung des M\u00e4nnerchores beim Sommerfest im Johanniter-Haus in Rimbach.<\/span><\/td>\n<\/tr>\n<tr>\n<td style=\"width: 30.2041%;\">10. Oktober<\/td>\n<td style=\"width: 69.7959%;\"><span style=\"font-weight: 400;\">Abend des Chorgesanges bei dem MGV Eintracht Beerfurth mit der Chorgemeinschaft. Trotz Schwierigkeiten bei der Busanfahrt (Grenzrundfahrt an der Beerfurther Gemarkungsgrenze) war die Stimmung bei den S\u00e4ngern und in Beerfurth hervorragend.<\/span><\/td>\n<\/tr>\n<tr>\n<td style=\"width: 30.2041%;\">19 Dezember<\/td>\n<td style=\"width: 69.7959%;\"><span style=\"font-weight: 400;\">Auftritt des Kinderchores im Seniorenheim Rimbach.&nbsp;<\/span><\/td>\n<\/tr>\n<\/tbody>\n<\/table>\n<p><span style=\"font-weight: 400;\">Musikalischer H\u00f6hepunkt im Vereinsjahr war das Adentskonzert am 3. Adventssonntag mit der Chorgemeinschaft L\u00f6rzenbach\/Fahrenbach in der Katholischen Kirche F\u00fcrth. Den ca. 600 Zuh\u00f6rern&nbsp; boten beide Ch\u00f6re gemeinsam mit den Solistinnen und Solisten ein beeindruckendes Konzert.<\/span><\/p>\n<p><span style=\"font-weight: 400;\">Einladungen mit Auftritten bei Geburtstagsfeiern wurden gerne wahrgenommen. Auch bei traditionellen Veranstaltungen, wie Volkstrauertag (Fahrenbach u. Steinbach)&nbsp; Wendelinusamt und Seniorenfeier (Fahrenbach u. Steinbach) waren unsere Ch\u00f6re gefragt. Der Kinderchor probte im vergangenen Jahr im zweiw\u00f6chentlichen Rhythmus. Insgesamt singen 14 Kinder im Chor.<\/span><\/p>\n<p><span style=\"font-weight: 400;\">Die Teilnahme am Weihnachtsmarkt ist mittlerweile zu einem fast unverzichtbaren Bestandteil in unserem j\u00e4hrlichen Veranstaltungskalender, aber auch Finanzplan geworden. Hier gilt der besondere Dank den Helferinnen und Helfern f\u00fcr die Herstellung der Holzbastel- und Strickarbeiten das ganze Jahr \u00fcber.<\/span><\/p>\n<table style=\"border-collapse: collapse; width: 100%;\">\n<tbody>\n<tr>\n<td style=\"width: 100%;\">\u00a9 <span style=\"font-weight: 400;\">Winfried Lannert<\/span><\/td>\n<\/tr>\n<\/tbody>\n<\/table>\n<table style=\"border-collapse: collapse; width: 100%;\">\n<tbody>\n<tr>\n<td style=\"width: 50%;\"><a title=\"Vereinschronik 2000 - 2005\" href=\"http:\/\/www.eintracht-fahrenbach.de\/?page_id=306\" data-wplink-edit=\"true\">\u2190 2006-2010<\/a><\/td>\n<td style=\"width: 50%;\">&nbsp;<\/td>\n<\/tr>\n<\/tbody>\n<\/table>\n","protected":false},"excerpt":{"rendered":"<p>2011 Das Festbankett und das Freundschaftssingen von 11 Ch\u00f6ren war beim 10-j\u00e4hrigen Jubil\u00e4um unseres Frauenchores am 21. und 22. Mai 2011 ein herausragendes Ereignis des Vereinsjahres. In der herrlich geschm\u00fcckten \u201eMaschinenhalle\u201c der Familie Langer wurde dieses Ereignis gefeiert. Eine Bilderausstellung \u00fcber die vergangenen 10 Jahre, sowie das von Richard J\u00f6st geschaffene B\u00fchnenbild rundeten ein tolles Fest ab. Besonderer Dank gilt der Familie Langer f\u00fcr die kostenlose \u00dcberlassung der Halle. Erw\u00e4hnenswert sind weitere Aktivit\u00e4ten wie zum Beispiel die Gestaltung des Johannismarktfestwagens f\u00fcr den Ortsteil Fahrenbach mit dem Motivwagen \u201eSiegfriedsbrunnen\u201c. Erstmals f\u00fchrten wir beim Scheuerfest ein Volksliedersingen mit den Musikanten und dem Publikum durch. Der Kinderchor war u.a. beim 10-j\u00e4hrigen Jubil\u00e4um des Frauenchores und bei der Nikolausbescherung der Sparkasse F\u00fcrth f\u00fcr unseren Verein aktiv. Erfreulich, dass unser Vereinsnikolaus wieder \u201eMehrarbeit\u201c zu verzeichnen hatte und dass unser Stand beim Weihnachtsmarkt trotz des sehr schlechten Wetters gut besucht war. Unsere Bastler\/Innen erhielten von den Besuchern viel Lob.&nbsp; Ein weiterer H\u00f6hepunkt war am 3.Advent das gemeinsame Konzert des M\u00e4nnerchores mit Frohsinn L\u00f6rzenbach in der Katholischen Kirche F\u00fcrth. Neben der hervorragenden Zusammenarbeit mit Frohsinn L\u00f6rzenbach bereitet es den Aktiven sehr viel Freude, Menschen ein kleines Geschenk mit dem Gesang machen zu k\u00f6nnen. Dass wir nicht nur &#8222;eigenes Publikum&#8220;, sondern viele Besucher, auch von au\u00dferhalb mit diesem Konzert begeistern konnten, zeigten verschiedene positive Reaktionen und die Resonanz in der Presse. \u201eIn Freud und Leid zum Lied bereit\u201c, so hei\u00dft es in einem bekannten Chorsatz. Dies soll hier erw\u00e4hnt werden, weil wir neben sehr viel Freude auch Leid mit den Angeh\u00f6rigen unserer in diesem Jahr verstorbenen vier aktiven S\u00e4ngern und drei passiven Mitgliedern teilten und teilen. &nbsp; 2012 &nbsp; Herausragende Veranstaltungen waren am 05. Mai die Mitgestaltung des Festkommerses zum 60-j\u00e4hrigen Jubil\u00e4um des Sportvereins und der 4-t\u00e4gige Vereinsausflug in den Th\u00fcringer Wald mit tollen Eindr\u00fccken und Erlebnissen. Die Mitwirkung bei Jubil\u00e4en befreundeter Gesangvereine wie: 90 Jahre SKG L\u00f6hrbach durch den Frauenchor, 100 Jahre Volkschor Birkenau M\u00e4nnerchor und Kinderchor, 100 Jahre Eintracht Altneudorf MC, 100 Jahre S\u00e4ngerlust Lauten-Weschnitz FC und MC, waren weitere H\u00f6hepunkte. Besonders erw\u00e4hnenswert ist der Umzug von unserem seitherigen Vereinslokal, dem Landgasthof H\u00f6lzing,&nbsp; in den Dorfgemeinschaftsraum am 28. September 2012. Hier gilt nochmals besonderer Dank der Familie H\u00f6lzing f\u00fcr die Bewirtung und Herrichtung des Probenraumes seit Bestehen unseres Vereines. Der Rahmen f\u00fcr diese Chronik w\u00fcrde gesprengt, um hier alle Aktivit\u00e4ten aufzuzeigen, die in \u00fcber 112 Jahren \u201eVereinsgastst\u00e4tte H\u00f6lzing\u201c dort stattfanden.&nbsp; Mit einem St\u00e4ndchen f\u00fcr Gerold Schmid und dem Lied \u201eAbendfrieden\u201c wurde die letzte Chorprobe im Gasthof H\u00f6lzing beendet. &nbsp; 2013 Die Teilnahme am Chorfest des S\u00e4ngerkreises Weschnitztal\/\u00dcberwald am 21.\/22. April wird besonders erw\u00e4hnt, weil die teilnehmenden Ch\u00f6re erstmals aus 3 M\u00f6glichkeiten ausw\u00e4hlen konnten. Der Frauenchor beteiligte sich beim sog. \u201eFreien Singen\u201c bei dem keine Beurteilung durch einen Juror erfolgt. Der M\u00e4nnerchor konnte erstmals in Chorgemeinschaft mit Frohsinn L\u00f6rzenbach beim \u201eDiplomsingen\u201c nach den Beurteilungsregeln des Hessischen S\u00e4ngerbundes f\u00fcr Wertungssingen ein Golddiplom erringen. Singen, guter Wein und ein \u00fcppiges Essen waren Garanten daf\u00fcr, dass die Weinprobenfahrt am 27. April nach L\u00f6wenstein, allen Teilnehmern viel Spa\u00df bereitete. Im Juni waren dann mehrere Termine zu bew\u00e4ltigen: Am 2. Juni errang die Chorgemeinschaft Frohsinn L\u00f6rzenbach\/Eintracht Fahrenbach anl. des 110 j\u00e4hrigen Bestehens&nbsp; des MGV Liederkranz Sulzbach in der Klasse M2 den 1. Platz, der mit einem riesengro\u00dfen Goldpokal belohnt wurde. Vom 7. \u2013 9. Juni feierte die Freiwillige Feuerwehr Fahrenbach ihr 50-j\u00e4hriges Jubil\u00e4um. Hier gestaltete der M\u00e4nnerchor den Festkommers mit. Am 8. Juni (also am Festwochenende der FFW) war der M\u00e4nnerchor dann noch beim Festkommers der Lyra Schriesheim zum 90-j\u00e4hrigen Jubil\u00e4um aktiv. Schliesslich konnte die Chorgemeinschaft am 30. Juni 2013 beim 125 j\u00e4hrigen Jubil\u00e4um des MGV Eiterbach in einer stark besetzten Klasse M2 den 2. Klassenpreis und damit ein Silberdiplom erringen. Dank\u00e4mter bei zwei&nbsp; Goldenen Hochzeiten gestalteten sowohl der Frauen- als auch der M\u00e4nnerchor mit.&nbsp; Erstmals wirkte der Frauenchor in diesem Jahre auch beim Volkstrauertag und der Seniorenfeier in Steinbach mit. Der Kinderchor probte im vergangenen Jahr einmal im Monat. Beim letzten Auftritt des Kinderchores am 5. Dezember in F\u00fcrth bei der Nikolausfeier der Sparkasse sangen 12&nbsp; Kinder mit.&nbsp; &nbsp; 2014 Das Vereinsjahr 2014 war erneut gepr\u00e4gt, von vielen Aktivit\u00e4ten: 18. Jan. 2014 Mitgliederversammlung des S\u00e4ngerkreises Weschnitztal\/\u00dcberwald in der SKG-Halle in L\u00f6hrbach 29. M\u00e4rz 2014 Teilnahme des Frauenchores am Chorabend des FC Eintracht Reichelsheim anl\u00e4sslich des 30-j\u00e4hrigen Bestehens 06. April 2014 110 Jahre Concordia Erbach Teilnahme des Frauen- und M\u00e4nnerchores am Freundschaftssingen 10. Mai 2014 Halbtagesausflug nach Mosbach mit Stadtf\u00fchrung, anschliessend Auftritt des M\u00e4nnerchors beim Fr\u00fchjahrskonzert der Freundschaft Fahrenbach&nbsp; 31. Mai 2014 170 Jahre&nbsp; MGV Liederkranz Reichartshausen Konzertsingen mit Chorgemeinschaft L\u00f6rzenbach\/Fahrenbach 26. Nov 2014 Musikalische Gr\u00fc\u00dfe des MC&nbsp; an die Bewohner des Seniorenheimes Johanniterhaus in Rimbach, hier insbesondere an Greta und Hans Christner Am 29. Juni errang die Chorgemeinschaft Frohsinn L\u00f6rzenbach\/Eintracht Fahrenbach anl. des 125- j\u00e4hrigen Bestehens&nbsp; des Singvereins Freiheit Sch\u00f6nau beim Volksliederwertungssingen in der Klasse M2A den 1. Platz. Wir zitieren aus der Presse: F\u00fcr 199 Punkte gibt es einen Goldpokal In der Evangelischen Stadtkirche Sch\u00f6nau stellte die Chorgemeinschaft L\u00f6rzenbach\/Fahrenbach&nbsp; ihr K\u00f6nnen unter Beweis. Als Wertungsrichter fungierte J\u00fcrgen Fa\u00dfbender, der u.a. K\u00fcnstlerischer Leiter des Landesjugendchors Hessen und Chorleiter renommierter Vereine ist. Mit den Liedern \u201cDer Wanderer\u201c, \u201eWhen the lord says Come\u201c &#8211;&nbsp; und \u201eDie sch\u00f6ne Libuscha\u201c ersang sich die Chorgemeinschaft mit 199 Punkten den ersten Klassenpreis und den Dirigentenpreis. Mit dieser Punktzahl lag die Chorgemeinschaft nur einen Punkt hinter dem MGV Harmonie Aschbach, der mit 200 Punkten die gro\u00dfe Tagesbestleistung erzielte.&nbsp; Die Freude bei den S\u00e4ngern und dem Dirigenten war nat\u00fcrlich gro\u00df und so wurde der gro\u00dfe&nbsp; Goldpokal im Festzelt und auch noch anschlie\u00dfend bei der gemeinsamen Heimfahrt mehrmals gef\u00fcllt und geleert. Musikalischer H\u00f6hepunkt im Vereinsjahr war das Jubil\u00e4umskonzert \u201e20 Jahre Chorleiter Chordirektor ADC Frank Ewald\u201c mit der Chorgemeinschaft L\u00f6rzenbach\/Fahrenbach am 08.11.2014 in der SV Halle. Den \u00fcber 500 Zuh\u00f6rern boten beide Ch\u00f6re mit den Solistinnen und Solisten ein beeindruckendes Konzert. &nbsp;Mit Selbstbeteiligung der Aktiven wurden einheitliche T-Shirts mit unserem Logo angeschafft, auch der M\u00e4nnerchor hat in der Chorgemeinschaft mit L\u00f6rzenbach neue Krawatten auch hier unter Selbstbeteiligung bekommen. &nbsp; 2015 \u00dcberblick \u00fcber die Aktivit\u00e4ten unserer Ch\u00f6re:&nbsp; 14. M\u00e4rz Frauenchor bei den Swinging Cords Ellenbach \u201eSwingend in den Fr\u00fchling\u201c 15. M\u00e4rz Versammlung der F\u00fcrther Vereine in der Stadiongastst\u00e4tte mit dem Thema Festzug Johannismarkt \u201eBundesl\u00e4nder\u201c. Hier gestalteten wir f\u00fcr den Festzug den Wagen des OT Fahrenbach&nbsp; \u201eHansestadt Hamburg\u201c. Der Aufbau und die Vorgeschichte mit einem \u201efertigen\u201c Schiff aus dem Mannheimer Hafen w\u00e4re eine Geschichte f\u00fcr sich. Dank der seem\u00e4nnischen Erfahrung von Siegfried Bauer und weiteren Helfern konnten wir ein Schiff komplett aus Holz mit Kaj\u00fcte, Nebel- und Signalhorn, Anker und Masten gestalten, das beim Umzug im Juni viel Lob und Anerkennung bei den Zuschauern fand. 14. &#8211; 17. Mai Jahresausflug an den Bodensee mit 46 Personen. Hervorragendes Beiprogramm mit Fahrten nach Konstanz, Meersburg, Abstecher in die Schweiz (St. Gallen und S\u00e4ntis), K\u00e4sereibesichtigung in Appenzell. 13. &amp; 14. Juni Sch\u00f6nmattenwager Chortage im Haus des Gastes mit Frauen- und M\u00e4nnerchor (auch hier als Chorgemeinschaft). 28. Juni Mitwirkung des M\u00e4nnerchores beim Sommerfest im Johanniter-Haus in Rimbach. 10. Oktober Abend des Chorgesanges bei dem MGV Eintracht Beerfurth mit der Chorgemeinschaft. Trotz Schwierigkeiten bei der Busanfahrt (Grenzrundfahrt an der Beerfurther Gemarkungsgrenze) war die Stimmung bei den S\u00e4ngern und in Beerfurth hervorragend. 19 Dezember Auftritt des Kinderchores im Seniorenheim Rimbach.&nbsp; Musikalischer H\u00f6hepunkt im Vereinsjahr war das Adentskonzert am 3. Adventssonntag mit der Chorgemeinschaft L\u00f6rzenbach\/Fahrenbach in der Katholischen Kirche F\u00fcrth. Den ca. 600 Zuh\u00f6rern&nbsp; boten beide Ch\u00f6re gemeinsam mit den Solistinnen und Solisten ein beeindruckendes Konzert. Einladungen mit Auftritten bei Geburtstagsfeiern wurden gerne wahrgenommen. Auch bei traditionellen Veranstaltungen, wie Volkstrauertag (Fahrenbach u. Steinbach)&nbsp; Wendelinusamt und Seniorenfeier (Fahrenbach u. Steinbach) waren unsere Ch\u00f6re gefragt. Der Kinderchor probte im vergangenen Jahr im zweiw\u00f6chentlichen Rhythmus. Insgesamt singen 14 Kinder im Chor. Die Teilnahme am Weihnachtsmarkt ist mittlerweile zu einem fast unverzichtbaren Bestandteil in unserem j\u00e4hrlichen Veranstaltungskalender, aber auch Finanzplan geworden. Hier gilt der besondere Dank den Helferinnen und Helfern f\u00fcr die Herstellung der Holzbastel- und Strickarbeiten das ganze Jahr \u00fcber. \u00a9 Winfried Lannert \u2190 2006-2010 &nbsp;<\/p>\n","protected":false},"author":19,"featured_media":0,"parent":0,"menu_order":0,"comment_status":"closed","ping_status":"closed","template":"","meta":{"ngg_post_thumbnail":0,"footnotes":""},"class_list":["post-4645","page","type-page","status-publish","hentry"],"_links":{"self":[{"href":"https:\/\/www.eintracht-fahrenbach.de\/index.php?rest_route=\/wp\/v2\/pages\/4645","targetHints":{"allow":["GET"]}}],"collection":[{"href":"https:\/\/www.eintracht-fahrenbach.de\/index.php?rest_route=\/wp\/v2\/pages"}],"about":[{"href":"https:\/\/www.eintracht-fahrenbach.de\/index.php?rest_route=\/wp\/v2\/types\/page"}],"author":[{"embeddable":true,"href":"https:\/\/www.eintracht-fahrenbach.de\/index.php?rest_route=\/wp\/v2\/users\/19"}],"replies":[{"embeddable":true,"href":"https:\/\/www.eintracht-fahrenbach.de\/index.php?rest_route=%2Fwp%2Fv2%2Fcomments&post=4645"}],"version-history":[{"count":6,"href":"https:\/\/www.eintracht-fahrenbach.de\/index.php?rest_route=\/wp\/v2\/pages\/4645\/revisions"}],"predecessor-version":[{"id":4654,"href":"https:\/\/www.eintracht-fahrenbach.de\/index.php?rest_route=\/wp\/v2\/pages\/4645\/revisions\/4654"}],"wp:attachment":[{"href":"https:\/\/www.eintracht-fahrenbach.de\/index.php?rest_route=%2Fwp%2Fv2%2Fmedia&parent=4645"}],"curies":[{"name":"wp","href":"https:\/\/api.w.org\/{rel}","templated":true}]}}