{"id":44,"date":"2010-07-28T15:49:06","date_gmt":"2010-07-28T15:49:06","guid":{"rendered":"http:\/\/www.eintracht-fahrenbach.de\/eintracht\/?page_id=44"},"modified":"2023-04-01T11:18:27","modified_gmt":"2023-04-01T11:18:27","slug":"termine","status":"publish","type":"page","link":"https:\/\/www.eintracht-fahrenbach.de\/?page_id=44","title":{"rendered":"Termine 2023"},"content":{"rendered":"\n\n<div id=\"ect-no-events\"><p>Keine Veranstaltungen in naher Zukunft<\/p><\/div>\n\n<p><strong><strong>Hinweis:<\/strong><\/strong><br>Allen Mitgliedern wird ab dem 70. Lebensjahr und alle 5 Jahre wiederkehrend <span style=\"text-decoration: underline;\">auf eigenen Wunsch<\/span> ein Geburtstagsst\u00e4ndchen angeboten. Selbstverst\u00e4ndlich wird in der Chorprobe immer ein St\u00e4ndchen und bei Hochzeiten (Silberne, Goldene, Eiserne, usw.) ebenfalls allen Mitgliedern <span style=\"text-decoration: underline;\">auf eigenen Wunsch<\/span> ein St\u00e4ndchen gesungen!<\/p>\n\n","protected":false},"excerpt":{"rendered":"<p>Hinweis:Allen Mitgliedern wird ab dem 70. Lebensjahr und alle 5 Jahre wiederkehrend auf eigenen Wunsch ein Geburtstagsst\u00e4ndchen angeboten. Selbstverst\u00e4ndlich wird in der Chorprobe immer ein St\u00e4ndchen und bei Hochzeiten (Silberne, Goldene, Eiserne, usw.) ebenfalls allen Mitgliedern auf eigenen Wunsch ein St\u00e4ndchen gesungen!<\/p>\n","protected":false},"author":17,"featured_media":0,"parent":0,"menu_order":0,"comment_status":"closed","ping_status":"closed","template":"","meta":{"ngg_post_thumbnail":0,"footnotes":""},"class_list":["post-44","page","type-page","status-publish","hentry"],"_links":{"self":[{"href":"https:\/\/www.eintracht-fahrenbach.de\/index.php?rest_route=\/wp\/v2\/pages\/44","targetHints":{"allow":["GET"]}}],"collection":[{"href":"https:\/\/www.eintracht-fahrenbach.de\/index.php?rest_route=\/wp\/v2\/pages"}],"about":[{"href":"https:\/\/www.eintracht-fahrenbach.de\/index.php?rest_route=\/wp\/v2\/types\/page"}],"author":[{"embeddable":true,"href":"https:\/\/www.eintracht-fahrenbach.de\/index.php?rest_route=\/wp\/v2\/users\/17"}],"replies":[{"embeddable":true,"href":"https:\/\/www.eintracht-fahrenbach.de\/index.php?rest_route=%2Fwp%2Fv2%2Fcomments&post=44"}],"version-history":[{"count":106,"href":"https:\/\/www.eintracht-fahrenbach.de\/index.php?rest_route=\/wp\/v2\/pages\/44\/revisions"}],"predecessor-version":[{"id":5290,"href":"https:\/\/www.eintracht-fahrenbach.de\/index.php?rest_route=\/wp\/v2\/pages\/44\/revisions\/5290"}],"wp:attachment":[{"href":"https:\/\/www.eintracht-fahrenbach.de\/index.php?rest_route=%2Fwp%2Fv2%2Fmedia&parent=44"}],"curies":[{"name":"wp","href":"https:\/\/api.w.org\/{rel}","templated":true}]}}