{"id":42,"date":"2010-07-28T15:48:31","date_gmt":"2010-07-28T15:48:31","guid":{"rendered":"http:\/\/www.eintracht-fahrenbach.de\/eintracht\/?page_id=42"},"modified":"2024-08-18T11:31:07","modified_gmt":"2024-08-18T11:31:07","slug":"chorproben","status":"publish","type":"page","link":"https:\/\/www.eintracht-fahrenbach.de\/?page_id=42","title":{"rendered":"Chorproben"},"content":{"rendered":"<p><a href=\"https:\/\/www.google.com\/url?sa=t&amp;source=web&amp;rct=j&amp;opi=89978449&amp;url=\/maps\/place\/\/data%3D!4m2!3m1!1s0x4797df07a08a91d5:0xb63c7de998b604cb%3Fsa%3DX%26ved%3D1t:8290%26ictx%3D111&amp;ved=2ahUKEwitp-Twtf6HAxVdxAIHHSW1AVsQ4kB6BAg0EAM&amp;usg=AOvVaw2vyRoHjQN4AThOOoXvru8R\">Kinderchor<\/a><\/p>\n<p style=\"text-align: left;\"><strong>Kinderchor<\/strong><\/p>\n<p style=\"text-align: left; padding-left: 120px;\"><span style=\"text-decoration: underline;\">Samstags 11.00 Uhr im 2-Wochen-Rhytmus,<img decoding=\"async\" src=\"https:\/\/www.eintracht-fahrenbach.de\/eintracht\/wp-content\/uploads\/Probenplan-2024-Kinderchor.jpg\"><\/span><br \/>\nim Haus der Begegnung(Lebenshilfe) Johannisstra\u00dfe 1<\/p>\n<p>&nbsp;<\/p>\n<p style=\"text-align: left;\"><strong>Frauenchor<\/strong><\/p>\n<p style=\"text-align: left; padding-left: 120px;\"><span style=\"text-decoration: underline;\">Mittwochs 18.45 Uhr,<\/span><br \/>\nin der&nbsp;<a href=\"https:\/\/www.google.de\/maps\/place\/Alte+Schule+F%C3%BCrth\/@49.6495945,8.7802154,18.88z\/data=!4m12!1m6!3m5!1s0x4797df03fe598dd3:0x27caded632cdeade!2sAlte+Schule+F%C3%BCrth!8m2!3d49.64967!4d8.78057!3m4!1s0x4797df03fe598dd3:0x27caded632cdeade!8m2!3d49.64967!4d8.78057\" target=\"_blank\" rel=\"noopener noreferrer\">Alte Schule, F\u00fcrth<\/a><\/p>\n<p style=\"text-align: left;\"><strong>M\u00e4nnerchor<\/strong><\/p>\n<p style=\"text-align: left; padding-left: 120px;\"><span style=\"text-decoration: underline;\">Mittwochs 20.15 Uhr,<\/span><br \/>\nim Dorfgemeinschaftshaus,(alte Schule) in L\u00f6rzenbach<\/p>\n","protected":false},"excerpt":{"rendered":"<p>Kinderchor Kinderchor Samstags 11.00 Uhr im 2-Wochen-Rhytmus, im Haus der Begegnung(Lebenshilfe) Johannisstra\u00dfe 1 &nbsp; Frauenchor Mittwochs 18.45 Uhr, in der&nbsp;Alte Schule, F\u00fcrth M\u00e4nnerchor Mittwochs 20.15 Uhr, im Dorfgemeinschaftshaus,(alte Schule) in L\u00f6rzenbach<\/p>\n","protected":false},"author":17,"featured_media":0,"parent":0,"menu_order":0,"comment_status":"closed","ping_status":"closed","template":"","meta":{"ngg_post_thumbnail":0,"footnotes":""},"class_list":["post-42","page","type-page","status-publish","hentry"],"_links":{"self":[{"href":"https:\/\/www.eintracht-fahrenbach.de\/index.php?rest_route=\/wp\/v2\/pages\/42","targetHints":{"allow":["GET"]}}],"collection":[{"href":"https:\/\/www.eintracht-fahrenbach.de\/index.php?rest_route=\/wp\/v2\/pages"}],"about":[{"href":"https:\/\/www.eintracht-fahrenbach.de\/index.php?rest_route=\/wp\/v2\/types\/page"}],"author":[{"embeddable":true,"href":"https:\/\/www.eintracht-fahrenbach.de\/index.php?rest_route=\/wp\/v2\/users\/17"}],"replies":[{"embeddable":true,"href":"https:\/\/www.eintracht-fahrenbach.de\/index.php?rest_route=%2Fwp%2Fv2%2Fcomments&post=42"}],"version-history":[{"count":28,"href":"https:\/\/www.eintracht-fahrenbach.de\/index.php?rest_route=\/wp\/v2\/pages\/42\/revisions"}],"predecessor-version":[{"id":5634,"href":"https:\/\/www.eintracht-fahrenbach.de\/index.php?rest_route=\/wp\/v2\/pages\/42\/revisions\/5634"}],"wp:attachment":[{"href":"https:\/\/www.eintracht-fahrenbach.de\/index.php?rest_route=%2Fwp%2Fv2%2Fmedia&parent=42"}],"curies":[{"name":"wp","href":"https:\/\/api.w.org\/{rel}","templated":true}]}}