{"id":4,"date":"2010-07-28T15:11:39","date_gmt":"2010-07-28T15:11:39","guid":{"rendered":"http:\/\/www.eintracht-fahrenbach.de\/eintracht\/?page_id=4"},"modified":"2023-06-04T18:31:20","modified_gmt":"2023-06-04T18:31:20","slug":"verein","status":"publish","type":"page","link":"https:\/\/www.eintracht-fahrenbach.de\/?page_id=4","title":{"rendered":"Verein"},"content":{"rendered":"<p>Wir von der &#8222;Eintracht&#8220; 1900 Fahrenbach e.V. verstehen uns als kulturtragender, aktiver Verein unseres Dorfes mit rund 800 Einwohnern.<\/p>\n<p style=\"text-align: center;\"><img loading=\"lazy\" decoding=\"async\" class=\"size-full wp-image-700 aligncenter\" title=\"Freud_Leid\" src=\"https:\/\/www.eintracht-fahrenbach.de\/eintracht\/wp-content\/uploads\/Freud_Leid.jpg\" alt=\"\" width=\"321\" height=\"273\" srcset=\"https:\/\/www.eintracht-fahrenbach.de\/eintracht\/wp-content\/uploads\/Freud_Leid.jpg 321w, https:\/\/www.eintracht-fahrenbach.de\/eintracht\/wp-content\/uploads\/Freud_Leid-300x255.jpg 300w\" sizes=\"auto, (max-width: 321px) 100vw, 321px\" \/><\/p>\n<p>Der Gesangverein &#8222;Eintracht&#8220; 1900 Fahrenbach ist Tr\u00e4ger der Zelter-Plakette.<\/p>\n<p><img loading=\"lazy\" decoding=\"async\" class=\"aligncenter size-full wp-image-806\" title=\"zelter_kl\" src=\"https:\/\/www.eintracht-fahrenbach.de\/eintracht\/wp-content\/uploads\/zelter_kl.jpg\" alt=\"\" width=\"199\" height=\"220\"><\/p>\n<p><strong>Aktivit\u00e4ten<\/strong><br \/>\nDie Ch\u00f6re des Gesangvereins &#8222;Eintracht&#8220; 1900 Fahrenbach nehmen an Gesangswettbewerben teil, veranstalten weltliche und kirchliche Konzerte, gestalten kirchliche Festtage, bereichern Gemeindefeste, bringen Freude in Alten und Pflegeeinrichtungen und umrahmen Weihnachtsfeiern, Geburtstage und Hochzeiten.<br \/>\nZu den weiteren Vereinsaktivit\u00e4ten geh\u00f6ren Ausfl\u00fcge, Veranstaltung von Festen wie beispielsweise unser Sommerfest.<\/p>\n","protected":false},"excerpt":{"rendered":"<p>Wir von der &#8222;Eintracht&#8220; 1900 Fahrenbach e.V. verstehen uns als kulturtragender, aktiver Verein unseres Dorfes mit rund 800 Einwohnern. Der Gesangverein &#8222;Eintracht&#8220; 1900 Fahrenbach ist Tr\u00e4ger der Zelter-Plakette. Aktivit\u00e4ten Die Ch\u00f6re des Gesangvereins &#8222;Eintracht&#8220; 1900 Fahrenbach nehmen an Gesangswettbewerben teil, veranstalten weltliche und kirchliche Konzerte, gestalten kirchliche Festtage, bereichern Gemeindefeste, bringen Freude in Alten und Pflegeeinrichtungen und umrahmen Weihnachtsfeiern, Geburtstage und Hochzeiten. Zu den weiteren Vereinsaktivit\u00e4ten geh\u00f6ren Ausfl\u00fcge, Veranstaltung von Festen wie beispielsweise unser Sommerfest.<\/p>\n","protected":false},"author":17,"featured_media":0,"parent":0,"menu_order":0,"comment_status":"closed","ping_status":"closed","template":"","meta":{"ngg_post_thumbnail":0,"footnotes":""},"class_list":["post-4","page","type-page","status-publish","hentry"],"_links":{"self":[{"href":"https:\/\/www.eintracht-fahrenbach.de\/index.php?rest_route=\/wp\/v2\/pages\/4","targetHints":{"allow":["GET"]}}],"collection":[{"href":"https:\/\/www.eintracht-fahrenbach.de\/index.php?rest_route=\/wp\/v2\/pages"}],"about":[{"href":"https:\/\/www.eintracht-fahrenbach.de\/index.php?rest_route=\/wp\/v2\/types\/page"}],"author":[{"embeddable":true,"href":"https:\/\/www.eintracht-fahrenbach.de\/index.php?rest_route=\/wp\/v2\/users\/17"}],"replies":[{"embeddable":true,"href":"https:\/\/www.eintracht-fahrenbach.de\/index.php?rest_route=%2Fwp%2Fv2%2Fcomments&post=4"}],"version-history":[{"count":14,"href":"https:\/\/www.eintracht-fahrenbach.de\/index.php?rest_route=\/wp\/v2\/pages\/4\/revisions"}],"predecessor-version":[{"id":5204,"href":"https:\/\/www.eintracht-fahrenbach.de\/index.php?rest_route=\/wp\/v2\/pages\/4\/revisions\/5204"}],"wp:attachment":[{"href":"https:\/\/www.eintracht-fahrenbach.de\/index.php?rest_route=%2Fwp%2Fv2%2Fmedia&parent=4"}],"curies":[{"name":"wp","href":"https:\/\/api.w.org\/{rel}","templated":true}]}}