{"id":30,"date":"2010-07-28T15:24:01","date_gmt":"2010-07-28T15:24:01","guid":{"rendered":"http:\/\/www.eintracht-fahrenbach.de\/eintracht\/?page_id=30"},"modified":"2025-02-27T13:43:16","modified_gmt":"2025-02-27T13:43:16","slug":"vorstand","status":"publish","type":"page","link":"https:\/\/www.eintracht-fahrenbach.de\/?page_id=30","title":{"rendered":"Vorstand"},"content":{"rendered":"<table style=\"border-color: #ffffff; border-width: 0px;\" border=\"0\">\n<tbody>\n<tr>\n<td style=\"border: 1px solid #d3d3d3;\"><strong>1. Vorsitzender<\/strong><br \/>\nSteffen Arnold<\/td>\n<\/tr>\n<tr>\n<td style=\"border: 1px solid #d3d3d3;\"><strong>2. Vorsitzender<\/strong><br \/>\nSiegfried Bauer<\/td>\n<\/tr>\n<tr>\n<td style=\"border: 1px solid #d3d3d3;\"><strong>Sprecherin Frauenchor<\/strong><br \/>\nUrsula Braun, Anneliese Marx, Brigitte Selonke, Anneliese Uloth<\/td>\n<\/tr>\n<tr>\n<td style=\"border: 1px solid #d3d3d3;\"><strong>Schriftf\u00fchrer<\/strong><br \/>\nVolker Bitsch<\/td>\n<\/tr>\n<tr>\n<td style=\"border: 1px solid #d3d3d3;\"><strong>Rechner<\/strong><br \/>\nMartin Steimann<\/td>\n<\/tr>\n<tr>\n<td style=\"border: 1px solid #d3d3d3;\"><strong>Jugendvertreter<\/strong><br \/>\nConny Rotter<\/td>\n<\/tr>\n<tr>\n<td style=\"border: 1px solid #d3d3d3;\"><strong>Vergn\u00fcgungsausschuss<br \/>\n<\/strong>Siegfried Bauer, Michael W\u00fcst, Siegfried Marx<\/td>\n<\/tr>\n<tr>\n<td style=\"border: 1px solid #d3d3d3;\"><strong>EDV\/Homepage<\/strong><br \/>\nHerbert Picker<\/td>\n<\/tr>\n<tr>\n<td style=\"border: 1px solid #d3d3d3;\"><strong>Vertreter passive Mitglieder<\/strong><br \/>\nHerbert Picker<\/td>\n<\/tr>\n<\/tbody>\n<\/table>\n","protected":false},"excerpt":{"rendered":"<p>1. Vorsitzender Steffen Arnold 2. Vorsitzender Siegfried Bauer Sprecherin Frauenchor Ursula Braun, Anneliese Marx, Brigitte Selonke, Anneliese Uloth Schriftf\u00fchrer Volker Bitsch Rechner Martin Steimann Jugendvertreter Conny Rotter Vergn\u00fcgungsausschuss Siegfried Bauer, Michael W\u00fcst, Siegfried Marx EDV\/Homepage Herbert Picker Vertreter passive Mitglieder Herbert Picker<\/p>\n","protected":false},"author":17,"featured_media":0,"parent":4,"menu_order":4,"comment_status":"closed","ping_status":"closed","template":"","meta":{"ngg_post_thumbnail":0,"footnotes":""},"class_list":["post-30","page","type-page","status-publish","hentry"],"_links":{"self":[{"href":"https:\/\/www.eintracht-fahrenbach.de\/index.php?rest_route=\/wp\/v2\/pages\/30","targetHints":{"allow":["GET"]}}],"collection":[{"href":"https:\/\/www.eintracht-fahrenbach.de\/index.php?rest_route=\/wp\/v2\/pages"}],"about":[{"href":"https:\/\/www.eintracht-fahrenbach.de\/index.php?rest_route=\/wp\/v2\/types\/page"}],"author":[{"embeddable":true,"href":"https:\/\/www.eintracht-fahrenbach.de\/index.php?rest_route=\/wp\/v2\/users\/17"}],"replies":[{"embeddable":true,"href":"https:\/\/www.eintracht-fahrenbach.de\/index.php?rest_route=%2Fwp%2Fv2%2Fcomments&post=30"}],"version-history":[{"count":18,"href":"https:\/\/www.eintracht-fahrenbach.de\/index.php?rest_route=\/wp\/v2\/pages\/30\/revisions"}],"predecessor-version":[{"id":5786,"href":"https:\/\/www.eintracht-fahrenbach.de\/index.php?rest_route=\/wp\/v2\/pages\/30\/revisions\/5786"}],"up":[{"embeddable":true,"href":"https:\/\/www.eintracht-fahrenbach.de\/index.php?rest_route=\/wp\/v2\/pages\/4"}],"wp:attachment":[{"href":"https:\/\/www.eintracht-fahrenbach.de\/index.php?rest_route=%2Fwp%2Fv2%2Fmedia&parent=30"}],"curies":[{"name":"wp","href":"https:\/\/api.w.org\/{rel}","templated":true}]}}