{"id":12,"date":"2010-07-28T15:15:32","date_gmt":"2010-07-28T15:15:32","guid":{"rendered":"http:\/\/www.eintracht-fahrenbach.de\/eintracht\/?page_id=12"},"modified":"2023-07-03T17:32:56","modified_gmt":"2023-07-03T17:32:56","slug":"frauenchor","status":"publish","type":"page","link":"https:\/\/www.eintracht-fahrenbach.de\/?page_id=12","title":{"rendered":"Frauenchor"},"content":{"rendered":"<p><strong>Chorleiter<\/strong><img loading=\"lazy\" decoding=\"async\" class=\"size-full wp-image-552 alignright\" title=\"O_Fath\" src=\"https:\/\/www.eintracht-fahrenbach.de\/eintracht\/wp-content\/uploads\/O_Fath.jpg\" alt=\"\" width=\"125\" height=\"184\"><br \/>\n<span style=\"text-decoration: underline;\">Oliver Fath<\/span> leitet unseren Frauenchor seit seiner Gr\u00fcndung im Jahre 2001.<\/p>\n<p>Seit seiner fr\u00fchesten Jugend ist er dem Chorgesang verbunden: Von 1981 bis 1987 sang er bei den Weinheimer S\u00e4ngerknaben, sp\u00e4ter beim Singkreis Rimbach und dem evangelischen Kirchenchor in Siedelsbrunn.<\/p>\n<p>Nach dem Abitur begann er eine musikalische Ausbildung: Er erwarb die Chorleiter-Lizenzen D und C der Evangelischen Kirche von Hessen und Nassau, lernte Orgel und Keyboard bei Dietmar J\u00f6st sowie Klavier an der Musikschule Weinheim.<\/p>\n<p>Die praktische Arbeit des Chorleiters lernte er bei Klaus Thielitz (Bezirkskantor des evangelischen Dekanats Bergstra\u00dfe) und Karl-Heinz Treusch, dessen Kirchenchor in Siedelsbrunn er nach vierj\u00e4hriger T\u00e4tigkeit als Korrepetitor 2002 \u00fcbernahm.<\/p>\n<p>Oliver Fath liebt Chors\u00e4tze (und schreibt selbst welche), in denen die Eigenst\u00e4ndigkeit der einzelnen Stimmen hervorgehoben wird und so die Musik zu einem Geflecht von Melodien wird. Von seinen S\u00e4ngerinnen fordert er viel Konzentration und hohe Kunstfertigkeit. Sein Programm ist abwechslungsreich und anspruchsvoll und enth\u00e4lt Lieder der Barockzeit bis in die Gegenwart in mehreren Sprachen (mit einer Vorliebe f\u00fcr Felix Mendelssohn-Bartholdy) &#8211; damit motiviert er alle Altersstufen zum Singen.<\/p>\n<p>Mit dem Frauen-Projektchor des S\u00e4ngerkreises Weschnitztal-\u00dcberwald zu seinem hundertj\u00e4hrigen Jubil\u00e4um und mit dem Odenwaldchor f\u00fcr die Romfahrt im Oktober 2007 erhielt der junge Chorleiter viel \u00f6ffentlichen Beifall und Zuspruch.<\/p>\n<p>Wir hoffen, dass wir noch viele Jahre mit Oliver Fath als dynamischem, engagiertem Chorleiter singen d\u00fcrfen.<\/p>\n<p><strong>Aktive S\u00e4ngerinnen<\/strong><\/p>\n<p><strong><img decoding=\"async\" src=\"https:\/\/www.eintracht-fahrenbach.de\/eintracht\/wp-content\/uploads\/Bildschirmfoto-2023-06-02-um-21.18.16.png\"><\/strong><\/p>\n<p><strong>Chorliteratur<br \/>\n<\/strong>Traditionelle Chorwerke, sakrale Musik, deutsche und internationale Volkslieder, moderne Gospels, Musicals.<strong><br \/>\n<\/strong><\/p>\n","protected":false},"excerpt":{"rendered":"<p>Chorleiter Oliver Fath leitet unseren Frauenchor seit seiner Gr\u00fcndung im Jahre 2001. Seit seiner fr\u00fchesten Jugend ist er dem Chorgesang verbunden: Von 1981 bis 1987 sang er bei den Weinheimer S\u00e4ngerknaben, sp\u00e4ter beim Singkreis Rimbach und dem evangelischen Kirchenchor in Siedelsbrunn. Nach dem Abitur begann er eine musikalische Ausbildung: Er erwarb die Chorleiter-Lizenzen D und C der Evangelischen Kirche von Hessen und Nassau, lernte Orgel und Keyboard bei Dietmar J\u00f6st sowie Klavier an der Musikschule Weinheim. Die praktische Arbeit des Chorleiters lernte er bei Klaus Thielitz (Bezirkskantor des evangelischen Dekanats Bergstra\u00dfe) und Karl-Heinz Treusch, dessen Kirchenchor in Siedelsbrunn er nach vierj\u00e4hriger T\u00e4tigkeit als Korrepetitor 2002 \u00fcbernahm. Oliver Fath liebt Chors\u00e4tze (und schreibt selbst welche), in denen die Eigenst\u00e4ndigkeit der einzelnen Stimmen hervorgehoben wird und so die Musik zu einem Geflecht von Melodien wird. Von seinen S\u00e4ngerinnen fordert er viel Konzentration und hohe Kunstfertigkeit. Sein Programm ist abwechslungsreich und anspruchsvoll und enth\u00e4lt Lieder der Barockzeit bis in die Gegenwart in mehreren Sprachen (mit einer Vorliebe f\u00fcr Felix Mendelssohn-Bartholdy) &#8211; damit motiviert er alle Altersstufen zum Singen. Mit dem Frauen-Projektchor des S\u00e4ngerkreises Weschnitztal-\u00dcberwald zu seinem hundertj\u00e4hrigen Jubil\u00e4um und mit dem Odenwaldchor f\u00fcr die Romfahrt im Oktober 2007 erhielt der junge Chorleiter viel \u00f6ffentlichen Beifall und Zuspruch. Wir hoffen, dass wir noch viele Jahre mit Oliver Fath als dynamischem, engagiertem Chorleiter singen d\u00fcrfen. Aktive S\u00e4ngerinnen Chorliteratur Traditionelle Chorwerke, sakrale Musik, deutsche und internationale Volkslieder, moderne Gospels, Musicals.<\/p>\n","protected":false},"author":17,"featured_media":0,"parent":4,"menu_order":2,"comment_status":"closed","ping_status":"closed","template":"","meta":{"ngg_post_thumbnail":0,"footnotes":""},"class_list":["post-12","page","type-page","status-publish","hentry"],"_links":{"self":[{"href":"https:\/\/www.eintracht-fahrenbach.de\/index.php?rest_route=\/wp\/v2\/pages\/12","targetHints":{"allow":["GET"]}}],"collection":[{"href":"https:\/\/www.eintracht-fahrenbach.de\/index.php?rest_route=\/wp\/v2\/pages"}],"about":[{"href":"https:\/\/www.eintracht-fahrenbach.de\/index.php?rest_route=\/wp\/v2\/types\/page"}],"author":[{"embeddable":true,"href":"https:\/\/www.eintracht-fahrenbach.de\/index.php?rest_route=\/wp\/v2\/users\/17"}],"replies":[{"embeddable":true,"href":"https:\/\/www.eintracht-fahrenbach.de\/index.php?rest_route=%2Fwp%2Fv2%2Fcomments&post=12"}],"version-history":[{"count":21,"href":"https:\/\/www.eintracht-fahrenbach.de\/index.php?rest_route=\/wp\/v2\/pages\/12\/revisions"}],"predecessor-version":[{"id":5390,"href":"https:\/\/www.eintracht-fahrenbach.de\/index.php?rest_route=\/wp\/v2\/pages\/12\/revisions\/5390"}],"up":[{"embeddable":true,"href":"https:\/\/www.eintracht-fahrenbach.de\/index.php?rest_route=\/wp\/v2\/pages\/4"}],"wp:attachment":[{"href":"https:\/\/www.eintracht-fahrenbach.de\/index.php?rest_route=%2Fwp%2Fv2%2Fmedia&parent=12"}],"curies":[{"name":"wp","href":"https:\/\/api.w.org\/{rel}","templated":true}]}}