{"id":10,"date":"2010-07-28T15:15:15","date_gmt":"2010-07-28T15:15:15","guid":{"rendered":"http:\/\/www.eintracht-fahrenbach.de\/eintracht\/?page_id=10"},"modified":"2023-07-03T17:26:41","modified_gmt":"2023-07-03T17:26:41","slug":"mannerchor","status":"publish","type":"page","link":"https:\/\/www.eintracht-fahrenbach.de\/?page_id=10","title":{"rendered":"M\u00e4nnerchor"},"content":{"rendered":"<p><strong>Chorleiter<\/strong><span style=\"text-decoration: underline;\"><img loading=\"lazy\" decoding=\"async\" class=\"size-full wp-image-548 alignright\" title=\"F_Ewald\" src=\"https:\/\/www.eintracht-fahrenbach.de\/eintracht\/wp-content\/uploads\/F_Ewald.jpg\" alt=\"\" width=\"125\" height=\"184\"><br \/>\nFrank Ewald<\/span> (geb. 1969) leitet seit 1991 diverse Ch\u00f6re aller Chorgattungen aus verschiedenen S\u00e4ngerkreisen in Nord-Baden und S\u00fcd-Hessen.<\/p>\n<p>Seine fundierte musikalische Ausbildung als Chorleiter erhielt er durch den Badischen S\u00e4ngerbund (Besuch der Chorleiterschule in Heidelberg in den Jahren 1987\/1988) und durch eine regelm\u00e4\u00dfige Teilnahme an verschiedenen Fortbildungskursen von einzelnen S\u00e4ngerb\u00fcnden.<\/p>\n<p>Seit 29.12.1993 ist Frank Ewald auch Chorleiter unseres M\u00e4nnerchores. Der GV Eintracht Fahrenbach hat seit dieser Zeit einen enormen Aufschwung erlebt, der sich nicht nur durch gestiegene Aktivenzahlen ausdr\u00fcckt, sondern auch durch sehr erfolgreiche Teilnahmen an vielz\u00e4hligen Chorwettbewerben mit mehreren Klassen- und Dirigentenpreisen. Au\u00dferdem zeigt sich das hohe Leistungsniveau durch hervorragende gesangliche Darbietungen bei Konzerten und anderen Veranstaltungen, die den Chor weit \u00fcber die eigene Region hinaus bekannt gemacht haben.<\/p>\n<p>Unter dem Dirigat von Frank Ewald stehen mehrere leistungsorientierte Ch\u00f6re, die moderne internationale und anspruchsvolle Chormusik als Zielsetzung ihrer musikalischen Arbeit ansehen und bereits viele Auszeichnungen und Preise auf nationalen Chorwettbewerben erhalten haben.<\/p>\n<p>Aufgrund seiner langj\u00e4hrigen und sehr erfolgreichen Chorleitert\u00e4tigkeit hat ihm die Arbeitsgemeinschaft Deutscher Chorverb\u00e4nde e.V. (ADC) zum 01.01.2004 den Titel Chordirektor verliehen.<\/p>\n<p>Wir sind sehr stolz, dass wir mit Frank Ewald einen sehr kompetenten, engagierten und dynamischen Dirigenten als Chorp\u00e4dagogen und musikalischen Leiter pr\u00e4sentieren k\u00f6nnen und w\u00fcnschen uns mit ihm noch viele Jahre kooperative Zusammenarbeit f\u00fcr ein erfolgreiches Wirken im Chorgesang.<\/p>\n<p><strong>Aktive S\u00e4nger<\/strong><\/p>\n<p><img decoding=\"async\" src=\"https:\/\/www.eintracht-fahrenbach.de\/eintracht\/wp-content\/uploads\/Chorgemeinschaft-Maenner-Homepage-1.png\"><\/p>\n<p><strong>&nbsp;Das Bild zeigt die Chorgemeinschaft der Eintracht Fahrenbach \/ Frohsinn L\u00f6rzenbach<br \/>\n<\/strong><\/p>\n<p><strong>Chorliteratur:<br \/>\n<\/strong>Traditionelle Chorwerke, sakrale Musik, deutsche und internationale Volkslieder, moderne Gospels und Spirituals.<strong><br \/>\n<\/strong><\/p>\n","protected":false},"excerpt":{"rendered":"<p>Chorleiter Frank Ewald (geb. 1969) leitet seit 1991 diverse Ch\u00f6re aller Chorgattungen aus verschiedenen S\u00e4ngerkreisen in Nord-Baden und S\u00fcd-Hessen. Seine fundierte musikalische Ausbildung als Chorleiter erhielt er durch den Badischen S\u00e4ngerbund (Besuch der Chorleiterschule in Heidelberg in den Jahren 1987\/1988) und durch eine regelm\u00e4\u00dfige Teilnahme an verschiedenen Fortbildungskursen von einzelnen S\u00e4ngerb\u00fcnden. Seit 29.12.1993 ist Frank Ewald auch Chorleiter unseres M\u00e4nnerchores. Der GV Eintracht Fahrenbach hat seit dieser Zeit einen enormen Aufschwung erlebt, der sich nicht nur durch gestiegene Aktivenzahlen ausdr\u00fcckt, sondern auch durch sehr erfolgreiche Teilnahmen an vielz\u00e4hligen Chorwettbewerben mit mehreren Klassen- und Dirigentenpreisen. Au\u00dferdem zeigt sich das hohe Leistungsniveau durch hervorragende gesangliche Darbietungen bei Konzerten und anderen Veranstaltungen, die den Chor weit \u00fcber die eigene Region hinaus bekannt gemacht haben. Unter dem Dirigat von Frank Ewald stehen mehrere leistungsorientierte Ch\u00f6re, die moderne internationale und anspruchsvolle Chormusik als Zielsetzung ihrer musikalischen Arbeit ansehen und bereits viele Auszeichnungen und Preise auf nationalen Chorwettbewerben erhalten haben. Aufgrund seiner langj\u00e4hrigen und sehr erfolgreichen Chorleitert\u00e4tigkeit hat ihm die Arbeitsgemeinschaft Deutscher Chorverb\u00e4nde e.V. (ADC) zum 01.01.2004 den Titel Chordirektor verliehen. Wir sind sehr stolz, dass wir mit Frank Ewald einen sehr kompetenten, engagierten und dynamischen Dirigenten als Chorp\u00e4dagogen und musikalischen Leiter pr\u00e4sentieren k\u00f6nnen und w\u00fcnschen uns mit ihm noch viele Jahre kooperative Zusammenarbeit f\u00fcr ein erfolgreiches Wirken im Chorgesang. Aktive S\u00e4nger &nbsp;Das Bild zeigt die Chorgemeinschaft der Eintracht Fahrenbach \/ Frohsinn L\u00f6rzenbach Chorliteratur: Traditionelle Chorwerke, sakrale Musik, deutsche und internationale Volkslieder, moderne Gospels und Spirituals.<\/p>\n","protected":false},"author":17,"featured_media":0,"parent":4,"menu_order":1,"comment_status":"closed","ping_status":"closed","template":"","meta":{"ngg_post_thumbnail":0,"footnotes":""},"class_list":["post-10","page","type-page","status-publish","hentry"],"_links":{"self":[{"href":"https:\/\/www.eintracht-fahrenbach.de\/index.php?rest_route=\/wp\/v2\/pages\/10","targetHints":{"allow":["GET"]}}],"collection":[{"href":"https:\/\/www.eintracht-fahrenbach.de\/index.php?rest_route=\/wp\/v2\/pages"}],"about":[{"href":"https:\/\/www.eintracht-fahrenbach.de\/index.php?rest_route=\/wp\/v2\/types\/page"}],"author":[{"embeddable":true,"href":"https:\/\/www.eintracht-fahrenbach.de\/index.php?rest_route=\/wp\/v2\/users\/17"}],"replies":[{"embeddable":true,"href":"https:\/\/www.eintracht-fahrenbach.de\/index.php?rest_route=%2Fwp%2Fv2%2Fcomments&post=10"}],"version-history":[{"count":30,"href":"https:\/\/www.eintracht-fahrenbach.de\/index.php?rest_route=\/wp\/v2\/pages\/10\/revisions"}],"predecessor-version":[{"id":5387,"href":"https:\/\/www.eintracht-fahrenbach.de\/index.php?rest_route=\/wp\/v2\/pages\/10\/revisions\/5387"}],"up":[{"embeddable":true,"href":"https:\/\/www.eintracht-fahrenbach.de\/index.php?rest_route=\/wp\/v2\/pages\/4"}],"wp:attachment":[{"href":"https:\/\/www.eintracht-fahrenbach.de\/index.php?rest_route=%2Fwp%2Fv2%2Fmedia&parent=10"}],"curies":[{"name":"wp","href":"https:\/\/api.w.org\/{rel}","templated":true}]}}