{"id":309,"date":"2010-11-02T12:45:46","date_gmt":"2010-11-02T12:45:46","guid":{"rendered":"http:\/\/www.eintracht-fahrenbach.de\/eintracht\/?page_id=309"},"modified":"2020-01-04T22:29:06","modified_gmt":"2020-01-04T22:29:06","slug":"vereinschronik-2006-2010","status":"publish","type":"page","link":"http:\/\/www.eintracht-fahrenbach.de\/?page_id=309","title":{"rendered":"Vereinschronik 2006 &#8211; 2010"},"content":{"rendered":"<p><strong>2006<\/strong><br><span style=\"text-decoration: underline;\">06.-07. Mai 2006:<\/span> Das Fr\u00fchlingsfest und das kleine Jubil\u00e4um -das 5-j\u00e4hrige Bestehen des Frauenchores- in fr\u00fchlingshaftem Ambiente der Halle von Inge und Bernd Langer mit dem Besuch der Gastch\u00f6re aus Bad-Emstal, dem Frauenchor der S\u00e4ngerlust Lauten-Weschnitz und des Liederkranz Rimbach, sowie den Auftritten unserer beiden Ch\u00f6re zeigte den zahlreich erschienenen BesucherInnen, dass Singen in der Gemeinschaft und f\u00fcr die Gemeinschaft etwas tolles ist.<\/p>\n<p><span style=\"text-decoration: underline;\">19. Mai 2006:<\/span> 25 Jahre S\u00e4ngervereinigung Germania Weinheim FS M\u00e4nner.<\/p>\n<p><span style=\"text-decoration: underline;\">20. Mai 2006:<\/span> 25 Jahre S\u00e4ngervereinigung Germania Weinheim PS Frauen.<\/p>\n<p><span style=\"text-decoration: underline;\">25. Juni 2006:<\/span> 100 Jahre MGV Sandhausen VWS M\u00e4nner.<\/p>\n<p><span style=\"text-decoration: underline;\">14. Juli 2006:<\/span> 100 Jahre Gemischter Chor Ellenbach FS M\u00e4nner.<\/p>\n<p><span style=\"text-decoration: underline;\">16. Juli 2006:<\/span> 100 Jahre Gemischter Chor Ellenbach FS Frauen.<\/p>\n<p><span style=\"text-decoration: underline;\">16. Juli 2006:<\/span> 125 Jahre MGV Schwarzach VWS M\u00e4nner.<\/p>\n<p><span style=\"text-decoration: underline;\">4.-6. Aug. 2006:<\/span> Zum 30. Scheuerfest wollten wir nat\u00fcrlich etwas besonderes bieten und so feierten wir 3 Tage lang und wir hatten f\u00fcr alle Fahrenbacher Vereine erstmals einen S\u00e4ngerwettstreit mit dem Pflichtchor \u201eFahrenbacher Heimatlied\u201corganisiert.<\/p>\n<p><span style=\"text-decoration: underline;\">9.-10. Sept. 2006:<\/span> Probenwochenende des Frauenchors in Bodenrod.<\/p>\n<p><span style=\"text-decoration: underline;\">19. Nov. 2006:<\/span> Mitwirkung bei der Gedenkfeier der Gemeinde zum Volkstrauertag.<\/p>\n<p><span style=\"text-decoration: underline;\">14. Dez. 2006:<\/span> Jahresabschlussfeier im Vereinslokal (j\u00e4hrlich wiederkehrend).<\/p>\nngg_shortcode_0_placeholder\n<p><strong>2007<\/strong><br><span style=\"text-decoration: underline;\">21.-22.April 2007:<\/span> Kreiswertungssingen in Weiher.<\/p>\n<p><span style=\"text-decoration: underline;\">5. Mai 2007:<\/span> Mitwirkung des M\u00e4nnerchors beim Festbankett 100 Jahre Konkordia Dielheim.<\/p>\n<p><span style=\"text-decoration: underline;\">15. Mai 2007:<\/span> Kreuzeinweihung Dorfplatz \u00d6kumenischer Gottesdienst (beide Ch\u00f6re).<\/p>\n<p><span style=\"text-decoration: underline;\">03. Juni 2007:<\/span> 100 Jahre MGV Liederkranz Buchklingen -M\u00e4nner.<\/p>\n<p><span style=\"text-decoration: underline;\">16. Juni 2007:<\/span> 100 Jahre S\u00e4ngerfreude Weiher Konzertsingen -Frauen.<\/p>\n<p><span style=\"text-decoration: underline;\">17. Juni 2007:<\/span> 100 Jahre Volkschor B\u00fcrstadt Volksliederwertungssingen -Frauen.<\/p>\n<p><span style=\"text-decoration: underline;\">22. Juni 2007:<\/span> 125 Jahre Harmonie Aschbach Freundschaftssingen -M\u00e4nner.<\/p>\n<p><span style=\"text-decoration: underline;\">01. Juli 2007:<\/span> 125 Jahre Eintracht-Liederkranz Sensbachtal Volksliederwertungssingen -M\u00e4nner.<\/p>\n<p><span style=\"text-decoration: underline;\">27. Juli 2007:<\/span> Besuch des Liederabends anl. des Schmuckerfestes in Mossautal.<\/p>\n<p><span style=\"text-decoration: underline;\">30. Sept. 2007:<\/span> 100 Jahre Freundschaft Fahrenbach mit Vereinsausflug \/Mosbach und in Gammmelsbach Abschluss.<\/p>\n<p><span style=\"text-decoration: underline;\">13.-20. Okt. 2007:<\/span> Romreise des \u201eOdenwaldchors\u201c. Unter der Leitung von Oliver Fath singen S\u00e4nger und S\u00e4ngerinnen aus Ellenbach, Fahrenbach, F\u00fcrth, Gorxheimertal, Grasellenbach, Rimbach, Schlierbach und Siedelsbrunn. Im Petersdom und im Pantheon macht der Chor bei seinen Auftritten auf sich aufmerksam.<\/p>\n<p><span style=\"text-decoration: underline;\">20. Okt. 2007:<\/span> Mitwirkung des M\u00e4nnerchors beim Wendelinusamt (j\u00e4hrlich wiederkehrend).<\/p>\n<p><span style=\"text-decoration: underline;\">28. Nov. 2007:<\/span> Auf Anregung einer \u00e4lteren Einwohnerin aus Fahrenbach nehmen wir erstmals das Fahrenbacher Heimatlied auf CD auf und k\u00f6nnen bereits im ersten \u201eVerkaufsansturm\u201c 50 CD\u00b4s verkaufen.<\/p>\n<p><strong>2008<\/strong><br><span style=\"text-decoration: underline;\">10. Jan. 2008:<\/span> Unser Ehrenvorsitzender Franz Arnold ist verstorben. Wir singen zum Abschied die Lieder \u201eHerr schenke den Frieden\u201c und \u201eSei getreu\u201c. Franz Arnold leitete 25 Jahre die Geschicke unseres Vereines in hervorragender Weise und hat sich in dieser Zeit sehr gro\u00dfe Verdienste erworben.<\/p>\n<p><span style=\"text-decoration: underline;\">12.-13. April 2008:<\/span> Unter dem Motto &#8222;Mit Frohsinn und Gesang in den Fr\u00fchling&#8220; hatten wir zum vierten Fr\u00fchlingsfest eingeladen.<\/p>\n<p><span style=\"text-decoration: underline;\">09.-12. Mai 2008:<\/span> Ein Mehrtagesausflug \u00fcber Pfingsten f\u00fchrte die Eintracht Fahrenbach ins sch\u00f6ne Altm\u00fchltal mit Zielort Beilngries. Stationen: Gro\u00dfer Brombachsee bei Gunzenhausen, Schifffahrt, Eichst\u00e4tt, Essing mit der l\u00e4ngsten Holzbr\u00fccke Europas, Kehlheim, Befreiungshalle, Donaudurchbruch, Kloster Weltenburg, Regensburg, Aurach, Dinkelsb\u00fchl, Abschlu\u00df in Ha\u00dfmersheim.<br>Dank der hervorragenden Organisation von B\u00e4rbel und Josef Koch erlebten alle FahrtteilnehmerInnen entspannte und erholsame Tage.<\/p>\n<p><span style=\"text-decoration: underline;\">06. Juni 2008:<\/span> 125 Jahre Liederkranz Rimbach; Freundschaftssingen des Frauen- und M\u00e4nnerchors.<\/p>\n<p><span style=\"text-decoration: underline;\">28. Juni 2008:<\/span> Open-Air-Konzert des M\u00e4nnerchors mit Frohsinn L\u00f6rzenbach auf dem Parkplatz am F\u00fcrther Rathaus. Der volle Klang von \u00fcber 70 M\u00e4nnerstimmen war schon beeindruckend, als dann aber auch noch Gonzalo Simonetti mit seinem strahlenden Bariton das ber\u00fchmte &#8222;Granada&#8220; von der B\u00fchne schmetterte, war das Publikum restlos begeistert. Mit spontanen &#8222;Standing Ovations&#8220; und rhythmischem Klatschen brachten die \u00fcber 600 Zuh\u00f6rer auf dem Parkplatz am F\u00fcrther Rathaus deutlich zum Ausdruck, wie sehr ihnen das erste gemeinsame Open-Air-Konzert der beiden Gesangvereine Eintracht Fahrenbach und Frohsinn L\u00f6rzenbach gefallen hatte.<\/p>\nngg_shortcode_1_placeholder\n<p><span style=\"text-decoration: underline;\">02.-03. Aug. 2008:<\/span> Scheuerfest<span style=\"text-decoration: underline;\"><br><\/span>Folgende Ch\u00f6re beteiligten sich aktiv mit Singen:<span style=\"text-decoration: underline;\"><br><\/span>S\u00e4ngerlust Nieder-Liebersbach, Eintracht Birkenau, Freundschaft Fahrenbach, Frauenchor Fahrenbach, M\u00e4nnerchor Eintracht Fahrenbach.<br>Der MGV \u201eFreundschaft\u201c Fahrenbach bei Mosbach zu dem seit 1959 Kontakte bestehen, besuchte uns am Sonntag mit 40 Personen. Der M\u00e4nnerchor unter der Leitung von Chorleiter Manfred Sch\u00e4fer erfreute uns mit mehreren Liedvortr\u00e4gen.<\/p>\n<p><span style=\"text-decoration: underline;\">07. Sept. 2008:<\/span> \u201eFamilienwandertag\u201c verbunden mit einer Zugfahrt nach Schriesheim. Dort besuchten wir das Stra\u00dfenfest bei der Lyra Schriesheim.<\/p>\n<p><span style=\"text-decoration: underline;\">20. Okt. 2008:<\/span> Wendelinusamt in der SV-Halle.<\/p>\n<p><strong>2009<\/strong><br><span style=\"text-decoration: underline;\">25. April 2009:<\/span> Teilnahme der beiden Ch\u00f6re am Kreiswertungssingen in Zotzenbach.<\/p>\n<p><span style=\"text-decoration: underline;\">05.-06. Mai 2009:<\/span> Teilnahme beider Ch\u00f6re beim Freundschaftssingen \u201e60 Jahre Frohsinn L\u00f6rzenbach\u201c.<\/p>\n<p><span style=\"text-decoration: underline;\">09. Mai 2009:<\/span> Mitwirkung beider Ch\u00f6re beim Festkommers anl. des 10-j\u00e4hrigen Bestehens der Jugendfeuerwehr Fahrenbach.<\/p>\n<p><span style=\"text-decoration: underline;\">17. Mai 2009:<\/span> Teilnahme des M\u00e4nnerchors beim Volksliederwertungssingen \u201e90 Jahre Liederkranz Lampenhain\u201c (2. Platz punktgleich mit Wallonia Wahlen).<\/p>\n<p><span style=\"text-decoration: underline;\">01.-02. Aug. 2009:<\/span> Scheuerfest<\/p>\n<p><span style=\"text-decoration: underline;\">19. Sept. 2009:<\/span> Familienwandertag mit 50 TeilnehmerInnen und anschliessendem Mittagessen in der Scheune der Familien J\u00f6st\/J\u00e4ger mit dann 80 TeilnehmerInnen.<\/p>\n<p><span style=\"text-decoration: underline;\">17. Okt. 2009:<\/span> Mit rd. 300 Zuh\u00f6rerInnen war das erste Chorkonzert seit Bestehen des Frauenchors im Foyer der HBS F\u00fcrth ein Erfolg.<br>Auf eine Reise \u201eVon der Heimat in die weite Welt\u201c und zur\u00fcck brachte der Frauenchor in einem Konzert mit abwechslungsreicher Chorliteratur die Zuh\u00f6rerInnen. Die S\u00e4ngerinnen entf\u00fchrten in die Musik verschiedener L\u00e4nder unseres Erdballs.<br>Unterst\u00fctzt wurde der Chor von einem weiblichen Quartett der Swinging Cords aus Ellenbach und dem m\u00e4nnlichen Gegenpart der S\u00e4ngerlust Schlierbach.<\/p>\nngg_shortcode_2_placeholder\n<p><strong>2010<\/strong><br><span style=\"text-decoration: underline;\">17. Jan. 2010:<\/span> Zum Auftakt des Jubil\u00e4umsjahres 2010 wirkte der M\u00e4nnerchor erstmals beim Neujahrsempfang der Gemeinde F\u00fcrth und der damit verbundenen Ehrung f\u00fcr den aktiven S\u00e4nger Erich D\u00f6rsam mit.<\/p>\n<p><span style=\"text-decoration: underline;\">23. Jan. 2010:<\/span> Mit dem Slogan \u201eSingen macht Spa\u00df, gemeinsames Singen verbindet\u201c treffen sich 28 M\u00e4dchen und Jungen im Dorfgemeinschaftsraum zur ersten Probe mit Cornelia Oberle. Mittlerweile haben sich \u00fcber 30 Kinder angemeldet, die am Festwochenende der \u201eEintracht\u201c einen musikalischen Geburtstagsgru\u00df \u00fcberbringen.<\/p>\n<p><span style=\"text-decoration: underline;\">04.-06. Juni 2010:<\/span> 110-j\u00e4hriges Jubil\u00e4um des GV \u201eEintracht\u201c Fahrenbach mit Festbankett, Freundschaftssingen, erster Auftritt des Kinderchors und der humorvollen Dialektreise \u201e Deutschland, Deine Hessen\u201c mit Walter Renneisen.<\/p>\n<p><span style=\"font-weight: 400;\">Mit einem Festbankett, Freundschaftssingen<\/span><span style=\"font-weight: 400;\">, dem ersten Auftritt des Kinderchors und der humorvollen Dialektreise \u201eDeutschland, Deine Hessen\u201c mit Walter Renneisen feierten wir unser 110-j\u00e4hriges Jubil\u00e4um. Mit 40 Ch\u00f6ren und rd. 1200 S\u00e4ngerinnen und S\u00e4ngern bew\u00e4ltigten sowohl die Aktiven, die Chorleiter und die vielen Helferinnen und Helfer \u00fcber die Festtage, aber auch vor und nach dem Fest, ein gewaltiges Arbeitspensum. Wir k\u00f6nnen<\/span> <span style=\"font-weight: 400;\">feststellen, es hat sich gelohnt, dass wir uns so engagiert haben, denn die Resonanz sowohl bei unseren Einwohnern und auch ausw\u00e4rtigen G\u00e4sten war durchweg positiv.<\/span><\/p>\n<p><span style=\"font-weight: 400;\">Wir m\u00f6chten uns nochmals bei allen Helferinnen und Helfern (rd. 150 ) sehr herzlich f\u00fcr die Unterst\u00fctzung w\u00e4hrend der Festtage bedanken. Bei der FFW Fahrenbach bedanken wir uns f\u00fcr den Park- und Ordnungsdienst, dem Skiclub f\u00fcr die Mithilfe und beim SV Fahrenbach f\u00fcr die kostenlose \u00dcberlassung der Halle mit allen R\u00e4umen und Einrichtungen.<\/span><\/p>\n<p><span style=\"font-weight: 400;\">Erw\u00e4hnenswert ist auch die gemeinsame Konzertreise mit Frohsinn L\u00f6rzenbach in die franz\u00f6sische Partnerstadt Thizy. Mit dem Konzert und dem Besuch haben wir einen Beitrag f\u00fcr die seit 40 Jahren bestehende \u201eJumelage\u201c geleistet und einen weiteren Akzent zur lebendigen Partnerschaft gesetzt.<\/span><\/p>\n<table border=\"0\">\n<tbody>\n<tr>\n<td>\u00a9 Winfried Lannert<\/td>\n<\/tr>\n<\/tbody>\n<\/table>\n<table style=\"border-collapse: collapse; width: 100%;\">\n<tbody>\n<tr>\n<td style=\"width: 50%;\">\n<p style=\"text-align: left;\"><a title=\"Vereinschronik 2000 - 2005\" href=\"http:\/\/www.eintracht-fahrenbach.de\/?page_id=306\">\u2190 2000-2005<\/a><\/p>\n<\/td>\n<td style=\"width: 50%; text-align: right;\"><a title=\"Vereinschronik von 1950 - 1979\" href=\"https:\/\/www.eintracht-fahrenbach.de\/?page_id=4645\">2010-2015 \u2192<\/a><\/td>\n<\/tr>\n<\/tbody>\n<\/table>\n<p style=\"text-align: left;\">&nbsp;<\/p>\n\n","protected":false},"excerpt":{"rendered":"<p>200606.-07. Mai 2006: Das Fr\u00fchlingsfest und das kleine Jubil\u00e4um -das 5-j\u00e4hrige Bestehen des Frauenchores- in fr\u00fchlingshaftem Ambiente der Halle von Inge und Bernd Langer mit dem Besuch der Gastch\u00f6re aus Bad-Emstal, dem Frauenchor der S\u00e4ngerlust Lauten-Weschnitz und des Liederkranz Rimbach, sowie den Auftritten unserer beiden Ch\u00f6re zeigte den zahlreich erschienenen BesucherInnen, dass Singen in der Gemeinschaft und f\u00fcr die Gemeinschaft etwas tolles ist. 19. Mai 2006: 25 Jahre S\u00e4ngervereinigung Germania Weinheim FS M\u00e4nner. 20. Mai 2006: 25 Jahre S\u00e4ngervereinigung Germania Weinheim PS Frauen. 25. Juni 2006: 100 Jahre MGV Sandhausen VWS M\u00e4nner. 14. Juli 2006: 100 Jahre Gemischter Chor Ellenbach FS M\u00e4nner. 16. Juli 2006: 100 Jahre Gemischter Chor Ellenbach FS Frauen. 16. Juli 2006: 125 Jahre MGV Schwarzach VWS M\u00e4nner. 4.-6. Aug. 2006: Zum 30. Scheuerfest wollten wir nat\u00fcrlich etwas besonderes bieten und so feierten wir 3 Tage lang und wir hatten f\u00fcr alle Fahrenbacher Vereine erstmals einen S\u00e4ngerwettstreit mit dem Pflichtchor \u201eFahrenbacher Heimatlied\u201corganisiert. 9.-10. Sept. 2006: Probenwochenende des Frauenchors in Bodenrod. 19. Nov. 2006: Mitwirkung bei der Gedenkfeier der Gemeinde zum Volkstrauertag. 14. Dez. 2006: Jahresabschlussfeier im Vereinslokal (j\u00e4hrlich wiederkehrend). 200721.-22.April 2007: Kreiswertungssingen in Weiher. 5. Mai 2007: Mitwirkung des M\u00e4nnerchors beim Festbankett 100 Jahre Konkordia Dielheim. 15. Mai 2007: Kreuzeinweihung Dorfplatz \u00d6kumenischer Gottesdienst (beide Ch\u00f6re). 03. Juni 2007: 100 Jahre MGV Liederkranz Buchklingen -M\u00e4nner. 16. Juni 2007: 100 Jahre S\u00e4ngerfreude Weiher Konzertsingen -Frauen. 17. Juni 2007: 100 Jahre Volkschor B\u00fcrstadt Volksliederwertungssingen -Frauen. 22. Juni 2007: 125 Jahre Harmonie Aschbach Freundschaftssingen -M\u00e4nner. 01. Juli 2007: 125 Jahre Eintracht-Liederkranz Sensbachtal Volksliederwertungssingen -M\u00e4nner. 27. Juli 2007: Besuch des Liederabends anl. des Schmuckerfestes in Mossautal. 30. Sept. 2007: 100 Jahre Freundschaft Fahrenbach mit Vereinsausflug \/Mosbach und in Gammmelsbach Abschluss. 13.-20. Okt. 2007: Romreise des \u201eOdenwaldchors\u201c. Unter der Leitung von Oliver Fath singen S\u00e4nger und S\u00e4ngerinnen aus Ellenbach, Fahrenbach, F\u00fcrth, Gorxheimertal, Grasellenbach, Rimbach, Schlierbach und Siedelsbrunn. Im Petersdom und im Pantheon macht der Chor bei seinen Auftritten auf sich aufmerksam. 20. Okt. 2007: Mitwirkung des M\u00e4nnerchors beim Wendelinusamt (j\u00e4hrlich wiederkehrend). 28. Nov. 2007: Auf Anregung einer \u00e4lteren Einwohnerin aus Fahrenbach nehmen wir erstmals das Fahrenbacher Heimatlied auf CD auf und k\u00f6nnen bereits im ersten \u201eVerkaufsansturm\u201c 50 CD\u00b4s verkaufen. 200810. Jan. 2008: Unser Ehrenvorsitzender Franz Arnold ist verstorben. Wir singen zum Abschied die Lieder \u201eHerr schenke den Frieden\u201c und \u201eSei getreu\u201c. Franz Arnold leitete 25 Jahre die Geschicke unseres Vereines in hervorragender Weise und hat sich in dieser Zeit sehr gro\u00dfe Verdienste erworben. 12.-13. April 2008: Unter dem Motto &#8222;Mit Frohsinn und Gesang in den Fr\u00fchling&#8220; hatten wir zum vierten Fr\u00fchlingsfest eingeladen. 09.-12. Mai 2008: Ein Mehrtagesausflug \u00fcber Pfingsten f\u00fchrte die Eintracht Fahrenbach ins sch\u00f6ne Altm\u00fchltal mit Zielort Beilngries. Stationen: Gro\u00dfer Brombachsee bei Gunzenhausen, Schifffahrt, Eichst\u00e4tt, Essing mit der l\u00e4ngsten Holzbr\u00fccke Europas, Kehlheim, Befreiungshalle, Donaudurchbruch, Kloster Weltenburg, Regensburg, Aurach, Dinkelsb\u00fchl, Abschlu\u00df in Ha\u00dfmersheim.Dank der hervorragenden Organisation von B\u00e4rbel und Josef Koch erlebten alle FahrtteilnehmerInnen entspannte und erholsame Tage. 06. Juni 2008: 125 Jahre Liederkranz Rimbach; Freundschaftssingen des Frauen- und M\u00e4nnerchors. 28. Juni 2008: Open-Air-Konzert des M\u00e4nnerchors mit Frohsinn L\u00f6rzenbach auf dem Parkplatz am F\u00fcrther Rathaus. Der volle Klang von \u00fcber 70 M\u00e4nnerstimmen war schon beeindruckend, als dann aber auch noch Gonzalo Simonetti mit seinem strahlenden Bariton das ber\u00fchmte &#8222;Granada&#8220; von der B\u00fchne schmetterte, war das Publikum restlos begeistert. Mit spontanen &#8222;Standing Ovations&#8220; und rhythmischem Klatschen brachten die \u00fcber 600 Zuh\u00f6rer auf dem Parkplatz am F\u00fcrther Rathaus deutlich zum Ausdruck, wie sehr ihnen das erste gemeinsame Open-Air-Konzert der beiden Gesangvereine Eintracht Fahrenbach und Frohsinn L\u00f6rzenbach gefallen hatte. 02.-03. Aug. 2008: ScheuerfestFolgende Ch\u00f6re beteiligten sich aktiv mit Singen:S\u00e4ngerlust Nieder-Liebersbach, Eintracht Birkenau, Freundschaft Fahrenbach, Frauenchor Fahrenbach, M\u00e4nnerchor Eintracht Fahrenbach.Der MGV \u201eFreundschaft\u201c Fahrenbach bei Mosbach zu dem seit 1959 Kontakte bestehen, besuchte uns am Sonntag mit 40 Personen. Der M\u00e4nnerchor unter der Leitung von Chorleiter Manfred Sch\u00e4fer erfreute uns mit mehreren Liedvortr\u00e4gen. 07. Sept. 2008: \u201eFamilienwandertag\u201c verbunden mit einer Zugfahrt nach Schriesheim. Dort besuchten wir das Stra\u00dfenfest bei der Lyra Schriesheim. 20. Okt. 2008: Wendelinusamt in der SV-Halle. 200925. April 2009: Teilnahme der beiden Ch\u00f6re am Kreiswertungssingen in Zotzenbach. 05.-06. Mai 2009: Teilnahme beider Ch\u00f6re beim Freundschaftssingen \u201e60 Jahre Frohsinn L\u00f6rzenbach\u201c. 09. Mai 2009: Mitwirkung beider Ch\u00f6re beim Festkommers anl. des 10-j\u00e4hrigen Bestehens der Jugendfeuerwehr Fahrenbach. 17. Mai 2009: Teilnahme des M\u00e4nnerchors beim Volksliederwertungssingen \u201e90 Jahre Liederkranz Lampenhain\u201c (2. Platz punktgleich mit Wallonia Wahlen). 01.-02. Aug. 2009: Scheuerfest 19. Sept. 2009: Familienwandertag mit 50 TeilnehmerInnen und anschliessendem Mittagessen in der Scheune der Familien J\u00f6st\/J\u00e4ger mit dann 80 TeilnehmerInnen. 17. Okt. 2009: Mit rd. 300 Zuh\u00f6rerInnen war das erste Chorkonzert seit Bestehen des Frauenchors im Foyer der HBS F\u00fcrth ein Erfolg.Auf eine Reise \u201eVon der Heimat in die weite Welt\u201c und zur\u00fcck brachte der Frauenchor in einem Konzert mit abwechslungsreicher Chorliteratur die Zuh\u00f6rerInnen. Die S\u00e4ngerinnen entf\u00fchrten in die Musik verschiedener L\u00e4nder unseres Erdballs.Unterst\u00fctzt wurde der Chor von einem weiblichen Quartett der Swinging Cords aus Ellenbach und dem m\u00e4nnlichen Gegenpart der S\u00e4ngerlust Schlierbach. 201017. Jan. 2010: Zum Auftakt des Jubil\u00e4umsjahres 2010 wirkte der M\u00e4nnerchor erstmals beim Neujahrsempfang der Gemeinde F\u00fcrth und der damit verbundenen Ehrung f\u00fcr den aktiven S\u00e4nger Erich D\u00f6rsam mit. 23. Jan. 2010: Mit dem Slogan \u201eSingen macht Spa\u00df, gemeinsames Singen verbindet\u201c treffen sich 28 M\u00e4dchen und Jungen im Dorfgemeinschaftsraum zur ersten Probe mit Cornelia Oberle. Mittlerweile haben sich \u00fcber 30 Kinder angemeldet, die am Festwochenende der \u201eEintracht\u201c einen musikalischen Geburtstagsgru\u00df \u00fcberbringen. 04.-06. Juni 2010: 110-j\u00e4hriges Jubil\u00e4um des GV \u201eEintracht\u201c Fahrenbach mit Festbankett, Freundschaftssingen, erster Auftritt des Kinderchors und der humorvollen Dialektreise \u201e Deutschland, Deine Hessen\u201c mit Walter Renneisen. Mit einem Festbankett, Freundschaftssingen, dem ersten Auftritt des Kinderchors und der humorvollen Dialektreise \u201eDeutschland, Deine Hessen\u201c mit Walter Renneisen feierten wir unser 110-j\u00e4hriges Jubil\u00e4um. Mit 40 Ch\u00f6ren und rd. 1200 S\u00e4ngerinnen und S\u00e4ngern bew\u00e4ltigten sowohl die Aktiven, die Chorleiter und die vielen Helferinnen und Helfer \u00fcber die Festtage, aber auch vor und nach dem Fest, ein gewaltiges Arbeitspensum. Wir k\u00f6nnen feststellen, es hat sich gelohnt, dass wir uns so engagiert haben, denn die Resonanz sowohl bei unseren Einwohnern und auch ausw\u00e4rtigen G\u00e4sten war durchweg positiv. Wir m\u00f6chten uns nochmals bei allen Helferinnen und Helfern (rd. 150 ) sehr herzlich f\u00fcr die Unterst\u00fctzung w\u00e4hrend der Festtage bedanken. Bei der FFW Fahrenbach bedanken wir uns f\u00fcr den Park- und Ordnungsdienst, dem Skiclub f\u00fcr die Mithilfe und beim SV Fahrenbach f\u00fcr die kostenlose \u00dcberlassung der Halle mit allen R\u00e4umen und Einrichtungen. Erw\u00e4hnenswert ist auch die gemeinsame Konzertreise mit Frohsinn L\u00f6rzenbach in die franz\u00f6sische Partnerstadt Thizy. Mit dem Konzert und dem Besuch haben wir einen Beitrag f\u00fcr die seit 40 Jahren bestehende \u201eJumelage\u201c geleistet und einen weiteren Akzent zur lebendigen Partnerschaft gesetzt. \u00a9 Winfried Lannert \u2190 2000-2005 2010-2015 \u2192 &nbsp;<\/p>\n","protected":false},"author":17,"featured_media":0,"parent":0,"menu_order":0,"comment_status":"closed","ping_status":"closed","template":"","meta":{"ngg_post_thumbnail":0,"footnotes":""},"class_list":["post-309","page","type-page","status-publish","hentry"],"_links":{"self":[{"href":"http:\/\/www.eintracht-fahrenbach.de\/index.php?rest_route=\/wp\/v2\/pages\/309","targetHints":{"allow":["GET"]}}],"collection":[{"href":"http:\/\/www.eintracht-fahrenbach.de\/index.php?rest_route=\/wp\/v2\/pages"}],"about":[{"href":"http:\/\/www.eintracht-fahrenbach.de\/index.php?rest_route=\/wp\/v2\/types\/page"}],"author":[{"embeddable":true,"href":"http:\/\/www.eintracht-fahrenbach.de\/index.php?rest_route=\/wp\/v2\/users\/17"}],"replies":[{"embeddable":true,"href":"http:\/\/www.eintracht-fahrenbach.de\/index.php?rest_route=%2Fwp%2Fv2%2Fcomments&post=309"}],"version-history":[{"count":21,"href":"http:\/\/www.eintracht-fahrenbach.de\/index.php?rest_route=\/wp\/v2\/pages\/309\/revisions"}],"predecessor-version":[{"id":4652,"href":"http:\/\/www.eintracht-fahrenbach.de\/index.php?rest_route=\/wp\/v2\/pages\/309\/revisions\/4652"}],"wp:attachment":[{"href":"http:\/\/www.eintracht-fahrenbach.de\/index.php?rest_route=%2Fwp%2Fv2%2Fmedia&parent=309"}],"curies":[{"name":"wp","href":"https:\/\/api.w.org\/{rel}","templated":true}]}}