{"id":306,"date":"2010-11-02T12:44:15","date_gmt":"2010-11-02T12:44:15","guid":{"rendered":"http:\/\/www.eintracht-fahrenbach.de\/eintracht\/?page_id=306"},"modified":"2011-05-08T08:20:57","modified_gmt":"2011-05-08T08:20:57","slug":"vereinschronik-2000-2005","status":"publish","type":"page","link":"http:\/\/www.eintracht-fahrenbach.de\/?page_id=306","title":{"rendered":"Vereinschronik 2000 \u2013 2005"},"content":{"rendered":"<p><strong>2000<\/strong><br \/>\nIm Jahr 2000 ging der  Gesangverein in sein Jubil\u00e4umsjahr. Die Feierlichkeiten anl\u00e4sslich dieses  100-j\u00e4hrigen Vereinsbestehens wurden zu einem weiteren H\u00f6hepunkt  in der langen Vereinsgeschichte. So wurde unter der umsichtigen Planung von Vorstand Ottmar Gebhart und mit Unterst\u00fctzung der eigens gebildeten Aussch\u00fcsse, sowie unter Mithilfe zahlloser aktiver und passiver Mitglieder ein Jubil\u00e4umsfest organisiert und anschlie\u00dfend mit au\u00dferordentlicher Perfektion durchgef\u00fchrt. Zum Punktwertungssingen hatten sich 12 Vereine und zum Volksliederwertungssingen 31 Ch\u00f6re angemeldet. Zum Freundschaftssingen erfreuten nochmals 31 Ch\u00f6re das fachkundige Publikum, sodass am Festwochenende vom 26.-28. Mai rd. 2500 S\u00e4ngerinnen und S\u00e4nger in Fahrenbach zu Gast waren.<br \/>\nDar\u00fcber hinaus wurde dem GV Eintracht 1900 am 11. Juni 2000 beim Hessentag in H\u00fcnfeld f\u00fcr seine Verdienste um die Pflege des Chorgesangs und in W\u00fcrdigung des geleisteten Beitrags zum kulturellen Leben  in der Heimatgemeinde die Zelterplakette \u00fcberreicht.<br \/>\nAlle wichtigen Ereignisse der Zeit von 1900-2000  k\u00f6nnen in der hervorragend gestalteten Festschrift \u201e100 Jahre Gesangverein Eintracht Fahrenbach\u201c nachgelesen werden.<\/p>\n<p>ngg_shortcode_0_placeholder<br \/>\n<\/p>\n<p><strong>2001<\/strong><br \/>\n<span style=\"text-decoration: underline;\">03. M\u00e4rz 2001:<\/span> Generalversammlung mit Gr\u00fcndung des  Frauenchors. Zu Vertreterinnen des Frauenchors wurden Ursula Braun, Maria Landthaler und Renate Szych bestimmt.<\/p>\n<p><span style=\"text-decoration: underline;\">14. M\u00e4rz 2001:<\/span> Erste Probesingstunde mit Chorleiter Oliver Fath. Bis zu diesem Zeitpunkt leitete der Chorleiter des M\u00e4nnerchors, Frank Ewald die Chorproben.<\/p>\n<p><span style=\"text-decoration: underline;\">26. Mai 2001:<\/span> Punkwertungssingen zum 75-j\u00e4hrigen Jubil\u00e4um des MGV S\u00e4ngerrunde 1926 Dielheim mit 47 S\u00e4ngern  (1. Klassenpreis in der Klasse M3).<\/p>\n<p><span style=\"text-decoration: underline;\">23.-28. Aug. 2001:<\/span> S\u00e4ngerreise der Chorgemeinschaft Frank Ewald nach Sevilla\/Andalusien mit S\u00e4ngern und weiteren Teilnehmern der Eintracht Fahrenbach.<br \/>\nH\u00f6hepunkt dieser 6-t\u00e4gigen S\u00e4ngerreise war  das Kirchenkonzert der 84 S\u00e4nger in der Kathedrale von Sevilla. Am Ende des Konzertes werden Dirigent, S\u00e4nger, Solistin Brigitte Schlaud und Pianist Hans Schlaud von den ca. 500 Zuh\u00f6rern begeistert gefeiert.<\/p>\n<p><strong>2002<\/strong><br \/>\n<span style=\"text-decoration: underline;\">17. M\u00e4rz 2002:<\/span> An diesem Tage findet das erste gemeinsame Konzert  mit Frohsinn L\u00f6rzenbach statt.  In der Katholischen Kirche F\u00fcrth bieten die \u00fcber 80 S\u00e4nger unter der Leitung des gemeinsamen Dirigenten Frank Ewald ein geistliches Chorkonzert unter dem Motto  \u201eSakrale Chormusik aus verschiedenen Epochen\u201c. Die rund 700 Zuh\u00f6rer feiern am Ende den Doppelchor, sowie die Solistin Susanne Hofmann-Rettig und die Pianistin Sabine Spengler mit Standing ovations.<\/p>\n<p><span style=\"text-decoration: underline;\">21. April 2002:<\/span> Erstes Fr\u00fchlingfest nach Gr\u00fcndung des Frauenchors unter dem Motto \u201e Mit Frohsinn und Gesang in den Fr\u00fchling\u201c in der herrlich dekorierten Maschinenhalle von Erika und Hans J\u00e4ger.<\/p>\n<p><span style=\"text-decoration: underline;\">27. April 2002:<\/span> Wahl des Gesamtvorstandes in einer au\u00dferordentlichen Generalversammlung, nachdem bei einer vorhergehenden Versammlung kein gesch\u00e4ftsf\u00fchrender Vorstand gew\u00e4hlt werden konnte.<\/p>\n<p><span style=\"text-decoration: underline;\">11. Mai 2002:<\/span> Mitwirkung des M\u00e4nnerchors beim Festkommers des SV 1952 Fahrenbach zum 50-j\u00e4hrigen Jubil\u00e4um.<\/p>\n<p><span style=\"text-decoration: underline;\">02. Juni 2002:<\/span> Volksliederwertungssingen in Lampertheim-Hofheim (2. Platz).<\/p>\n<p><span style=\"text-decoration: underline;\">08. Juni 2002:<\/span> Teilnahme am Chorwettbewerb \u201e140 Jahre GV S\u00e4ngerbund  Wiesental\u201c (45 S\u00e4nger, 2. Platz).<\/p>\n<p><span style=\"text-decoration: underline;\">21. Juni 2002:<\/span> Festkommers zum 150-j\u00e4hrigen Jubil\u00e4um der Eintracht Birkenau; Teilnahme am Freundschaftssingen.<\/p>\n<p><span style=\"text-decoration: underline;\">03.-04. Aug. 2002:<\/span> Traditionelles Scheuerfest (j\u00e4hrlich am 1. Wochenende im August) in der Scheune der Familien J\u00f6st\/J\u00e4ger mit der Kreation des Getr\u00e4nks \u201eScheierdeiwel\u201c.<\/p>\n<p><span style=\"text-decoration: underline;\">24. Aug. 2002:<\/span> Freundschaftssingen des Frauen- und M\u00e4nnerchors aus Anlass \u201e90 Jahre S\u00e4ngerlust Lauten-Weschnitz\u201c.<\/p>\n<p><span style=\"text-decoration: underline;\">12. Okt. 2002:<\/span> Keltern der Jungs\u00e4nger im Hof von Richard J\u00f6st.<\/p>\n<p><span style=\"text-decoration: underline;\">27. Sept. 2002:<\/span> Aus Anlass \u201e250 Jahre Barockkirche F\u00fcrth\u201c Mitwirkung des M\u00e4nnerchors am Chorkonzert \/ Benefizkonzert mit 8 Ch\u00f6ren aus der Gro\u00dfgemeinde F\u00fcrth.<\/p>\n<p>ngg_shortcode_1_placeholder<br \/>\n<\/p>\n<p><strong>2003<br \/>\n<\/strong><span style=\"text-decoration: underline;\">5. April  2003:<\/span> Teilnahme beider Ch\u00f6re am Kreiswertungssingen in Ober-Sch\u00f6nmattenwag, erstmalige Teilnahme des Frauenchores an einer derartigen Veranstaltung.<\/p>\n<p><span style=\"text-decoration: underline;\">18. Mai 2003:<\/span> Vereinsausflug mit 2 Bussen nach Miltenberg am Main mit Besuch des Klosters Engelberg (mit Dunkelbier und K\u00e4sebrot).<\/p>\n<p>ngg_shortcode_2_placeholder<br \/>\n<\/p>\n<p><span style=\"text-decoration: underline;\">07. Juni 2003:<\/span> Beim Festzug der \u201eGuttenbrunner\u201c von der Katholischen Kirche F\u00fcrth zur TV-Halle und dem anschliessenden Festakt zur Verschwisterung F\u00fcrth-Guttenbrun wirkte der M\u00e4nnerchor mit.<\/p>\n<p><span style=\"text-decoration: underline;\">14. Juni 2003:<\/span> Mitwirken am Festkommers 40 Jahre Freiwillige Feuerwehr Fahrenbach in der Halle von Bernd Langer.<\/p>\n<p><span style=\"text-decoration: underline;\">22. Juni 2003:<\/span> Beim Johannismarkt-Festzug pr\u00e4sentierten wir den Motivwagen \u201eLawrence von Arabien\u201c entsprechend dem Festzugsmotto mit einer gelungenen Darstellung.<\/p>\n<p><span style=\"text-decoration: underline;\">07. Sept. 2003:<\/span> Familienwandertag (j\u00e4hrlich wiederkehrend)  Erstmals im Herbst starteten wir zu unserem Wandertag, der trotz Regenwetter  mit 42 Wanderern\/Innen gut angenommen wurde, nach Ober-Hambach. Eine landschaftlich reizvolle Wegstrecke und die St\u00e4rkung unterwegs hoben die Stimmung, sodass wir auch die letzten Kilometer bis zur Scheune von Richard und Heinz schafften und hier dann rd. 100 Personen ein vorz\u00fcgliches Mittagessen angeboten wurde.<\/p>\n<p><strong>2004<br \/>\n<\/strong><span style=\"text-decoration: underline;\">03. April 2004:<\/span> Ohne die anderen Veranstaltungen und Auftritte im Vereinsjahr abzuwerten, war der musikalische H\u00f6hepunkt das Chorkonzert zum 10-j\u00e4hrigen Dirigentenjubil\u00e4um mit der damit verbundenen  Verleihung des Titels Chordirektor ADC an Frank Ewald.<br \/>\nDie \u00fcber 500 Besucher in der bis auf den letzten Platz besetzten Halle des SV Fahrenbach waren \u00fcbereinstimmend der  Meinung, dass  wir hier Akzente gesetzt und den  Zuh\u00f6rerInnen hervorragenden Chorgesang geboten haben und der \u00e4u\u00dfere Rahmen ebenfalls gestimmt hat.<\/p>\n<p>ngg_shortcode_3_placeholder<br \/>\n<\/p>\n<p><span style=\"text-decoration: underline;\">24.-25. April 2004:<\/span> Das zweite Fr\u00fchlingsfest  in der zur Festhalle umdekorierten Maschinenhalle von Erika und Hans J\u00e4ger war sehr gut organisiert und ein Erfolg in jeder Hinsicht.<\/p>\n<p><span style=\"text-decoration: underline;\">16. Mai 2004:<\/span> Auftritt des Frauenchores beim Chorwettbewerb zum 25-j\u00e4hrigen Bestehen des  Frauenchores Saulheim in der S\u00e4ngerhalle Saulheim mit dem  2. Platz.<\/p>\n<p><span style=\"text-decoration: underline;\">28.-31. Mai 2004:<\/span> Nach diesem umfangreichen Programm und Auftritten hatten wir uns einen Viertagesausflug \u00fcber Pfingsten redlich verdient und starteten mit \u00fcber 70 Personen nach Rinnen-Berwang. Alle anwesenden Mitglieder die dabei waren, werden best\u00e4tigen, dass der Ausflug von Richard J\u00f6st und den Mitgliedern des Vergn\u00fcgungsausschusses hervorragend organisiert war und uns neben dem k\u00f6stlichen Hausbrautrunk in \u00d6sterreichs h\u00f6chstgelegener Brauerei auch die hauseigene Bimmelbahn in ungeahnte H\u00f6hen bef\u00f6rderte.<\/p>\n<p><span style=\"text-decoration: underline;\">13. Juni 2004:<\/span> Radtour von Heppenheim \u00fcber Weinheim nach Fahrenbach zur\u00fcck.<\/p>\n<p><span style=\"text-decoration: underline;\">26. Juni 2004:<\/span> Weinpreissingen zum 110-j\u00e4hrigen Jubil\u00e4um des MGV \u201eS\u00e4ngerlust\u201c B\u00fcrstadt. In der Klasse M4 A (bis 47 S\u00e4nger) konnte unter 5 leistungsstarken der 2. Klassenpreis erreicht werden.<\/p>\n<p><span style=\"text-decoration: underline;\">27. Juni 2004:<\/span> Volksliederwettbewerb beim 125-j\u00e4hrigen Vereinsjubil\u00e4um des MGV \u201eKonkordia\u201c Balzfeld. Hier standen in  der Klasse M4 B (bis 42 S\u00e4nger) 37 S\u00e4nger der Eintracht auf der Festzeltb\u00fchne und erzielten unter starker Konkurrenz von vier renommierten Vereinen den 1. Klassenpreis. Hinzu kam, dass unser Chorleiter Frank Ewald auch den Dirigentenpreis errang.<\/p>\n<p><span style=\"text-decoration: underline;\">06. Juli 2004:<\/span> Teilnahme unserer S\u00e4ngerjugend bei den Wassergaudi-Spielen des Angelsportclubs Fahrenbach mit Christian Gebhart, Stefan J\u00e4ger und Simon Eckert. Dank ihrer hervorragenden Schwimmkunst und vor allem der gro\u00dfen S\u00e4ngerlungen, sowie des ungekr\u00f6nten \u201eTeichminators\u201c Stefan wurde in diesem Jahr der 1. Platz, ein Pokal und 1 volles Bierfass gewonnen.<\/p>\n<p><span style=\"text-decoration: underline;\">7.-8. Aug. 2004:<\/span> Das traditionelle Scheuerfest ist und bleibt eine Gr\u00f6\u00dfe in unserem Jahres-Veranstaltungskalender. Der Besuch der Eintracht Birkenau und der S\u00e4ngerfreude Linnenbach, sowie Abordnungen weiterer befreundeter Vereine trug dazu bei, alte S\u00e4ngerfreundschaften aufzufrischen bzw. weiter auszubauen, was \u00fcbrigens auch f\u00fcr das Fr\u00fchlingsfest gilt.<\/p>\n<p><span style=\"text-decoration: underline;\">06. Okt. 2004:<\/span> Am Kerwesonntag waren wir dann unter dem Motto: \u201eOb Scheier, Schiclub, Feirwehr orre Oanglefeschd, die Kehrwe iss unn bleibt die beschd\u201c mit 20 Aktiven  in Aktion.<\/p>\n<p><span style=\"text-decoration: underline;\">06. Dez. 2004:<\/span> Erstmals wurde von uns ein Nikolausdienst f\u00fcr die Kinder in Fahrenbach angeboten, der sehr gut angenommen wurde.<\/p>\n<p><span style=\"text-decoration: underline;\">18. Dez. 2004:<\/span> Gemeinsame Weihnachtsfeier mit dem SV Fahrenbach (j\u00e4hrlich wiederkehrend).<\/p>\n<p><strong>2005<\/strong><br \/>\n<span style=\"text-decoration: underline;\">11. M\u00e4rz 2005:<\/span> Weinprobe in Weisenheim am Berg mit 37 TeilnehmerInnen.<\/p>\n<p><span style=\"text-decoration: underline;\">13. M\u00e4rz 2005:<\/span> Erstmalige Ehrung verdienter S\u00e4ngerInnen durch den Kreis Bergstra\u00dfe im Haus des  Gastes in Wald-Michelbach. Von unserem Verein wurde Ernst Kaiser f\u00fcr 50 Jahre aktive S\u00e4ngert\u00e4tigkeit geehrt.<\/p>\n<p><span style=\"text-decoration: underline;\">17. April 2005:<\/span> Kreiswertungssingen Unter-Abtsteinach.<\/p>\n<p><span style=\"text-decoration: underline;\">20. Mai 2005:<\/span> Einweihung des Dorfgemeinschaftshauses Fahrenbach.<\/p>\n<p><span style=\"text-decoration: underline;\">12. Juni 2005:<\/span> Volksliederwertungssingen 100 Jahre Arbeitergesangverein Gro\u00df-Zimmern.<\/p>\n<p><span style=\"text-decoration: underline;\">19. Juni 2005:<\/span> 160 Jahre Meerholz Chorwettbewerb 4. Platz starke Konkurrenz.<\/p>\n<p><span style=\"text-decoration: underline;\">11.-22. Sept. 2005:<\/span> Konzertreise der Chorgemeinschaft Frank Ewald mit 97 S\u00e4ngern (davon 14 S\u00e4nger aus unserem Chor, insgesamt 36 Personen von der Fahrenbacher Gruppe, also sehr starke Beteiligung, f\u00fcr die Mitreisenden und insbesondere die aktiven S\u00e4nger ein herausragendes Ereignis mit Auftritten u.a. in Ottawa, Toronto, Montreal und in der St. Patrick\u00b4s-Cathedrale in New York).<\/p>\n<p>ngg_shortcode_4_placeholder<br \/>\n<\/p>\n<p><span style=\"text-decoration: underline;\">02. Okt. 2005:<\/span> 30 Jahre Lebenshilfe Mitwirkung des M\u00e4nnerchors beim Benefizkonzert (TV-Halle F\u00fcrth).<\/p>\n<p><span style=\"text-decoration: underline;\">22. Okt. 2005:<\/span> 50 Jahre Wendelinusbr\u00fccke und -statue Mitwirkung beim Festgottesdienst.<\/p>\n<p><span style=\"text-decoration: underline;\">03.-04. Dez. 2005:<\/span> Erstmals Teilnahme am Weihnachtsmarkt der Gemeinde mit einem Stand und Auftritten beider Ch\u00f6re.<\/p>\n<p><span style=\"text-decoration: underline;\">11. Dez. 2005:<\/span> Seniorenfeier der Gemeinde (Frauen- und M\u00e4nnerchor gestalten die Feier j\u00e4hrlich wechselnd mit).<\/p>\n<p><span style=\"text-decoration: underline;\">18. Dez. 2005:<\/span> Mitwirkung des Frauenchors bei der Weihnachtsfeier des Ski-Club Fahrenbach.<\/p>\n<table border=\"0\">\n<tbody>\n<tr>\n<td>\u00a9 Winfried Lannert<\/td>\n<\/tr>\n<\/tbody>\n<\/table>\n<p style=\"text-align: right;\"><a title=\"Vereinschronik 2006 - 2010\" href=\"http:\/\/www.eintracht-fahrenbach.de\/?page_id=309\">2006-2010 \u2192<\/a><\/p>\n<p><a title=\"Vereinschronik 1980 - 2000\" href=\"http:\/\/www.eintracht-fahrenbach.de\/?page_id=292\">\u2190 1980-2000<\/a><\/p>\n","protected":false},"excerpt":{"rendered":"<p>2000 Im Jahr 2000 ging der Gesangverein in sein Jubil\u00e4umsjahr. Die Feierlichkeiten anl\u00e4sslich dieses 100-j\u00e4hrigen Vereinsbestehens wurden zu einem weiteren H\u00f6hepunkt in der langen Vereinsgeschichte. So wurde unter der umsichtigen Planung von Vorstand Ottmar Gebhart und mit Unterst\u00fctzung der eigens gebildeten Aussch\u00fcsse, sowie unter Mithilfe zahlloser aktiver und passiver Mitglieder ein Jubil\u00e4umsfest organisiert und anschlie\u00dfend mit au\u00dferordentlicher Perfektion durchgef\u00fchrt. Zum Punktwertungssingen hatten sich 12 Vereine und zum Volksliederwertungssingen 31 Ch\u00f6re angemeldet. Zum Freundschaftssingen erfreuten nochmals 31 Ch\u00f6re das fachkundige Publikum, sodass am Festwochenende vom 26.-28. Mai rd. 2500 S\u00e4ngerinnen und S\u00e4nger in Fahrenbach zu Gast waren. Dar\u00fcber hinaus wurde dem GV Eintracht 1900 am 11. Juni 2000 beim Hessentag in H\u00fcnfeld f\u00fcr seine Verdienste um die Pflege des Chorgesangs und in W\u00fcrdigung des geleisteten Beitrags zum kulturellen Leben in der Heimatgemeinde die Zelterplakette \u00fcberreicht. Alle wichtigen Ereignisse der Zeit von 1900-2000 k\u00f6nnen in der hervorragend gestalteten Festschrift \u201e100 Jahre Gesangverein Eintracht Fahrenbach\u201c nachgelesen werden. 2001 03. M\u00e4rz 2001: Generalversammlung mit Gr\u00fcndung des Frauenchors. Zu Vertreterinnen des Frauenchors wurden Ursula Braun, Maria Landthaler und Renate Szych bestimmt. 14. M\u00e4rz 2001: Erste Probesingstunde mit Chorleiter Oliver Fath. Bis zu diesem Zeitpunkt leitete der Chorleiter des M\u00e4nnerchors, Frank Ewald die Chorproben. 26. Mai 2001: Punkwertungssingen zum 75-j\u00e4hrigen Jubil\u00e4um des MGV S\u00e4ngerrunde 1926 Dielheim mit 47 S\u00e4ngern (1. Klassenpreis in der Klasse M3). 23.-28. Aug. 2001: S\u00e4ngerreise der Chorgemeinschaft Frank Ewald nach Sevilla\/Andalusien mit S\u00e4ngern und weiteren Teilnehmern der Eintracht Fahrenbach. H\u00f6hepunkt dieser 6-t\u00e4gigen S\u00e4ngerreise war das Kirchenkonzert der 84 S\u00e4nger in der Kathedrale von Sevilla. Am Ende des Konzertes werden Dirigent, S\u00e4nger, Solistin Brigitte Schlaud und Pianist Hans Schlaud von den ca. 500 Zuh\u00f6rern begeistert gefeiert. 2002 17. M\u00e4rz 2002: An diesem Tage findet das erste gemeinsame Konzert mit Frohsinn L\u00f6rzenbach statt. In der Katholischen Kirche F\u00fcrth bieten die \u00fcber 80 S\u00e4nger unter der Leitung des gemeinsamen Dirigenten Frank Ewald ein geistliches Chorkonzert unter dem Motto \u201eSakrale Chormusik aus verschiedenen Epochen\u201c. Die rund 700 Zuh\u00f6rer feiern am Ende den Doppelchor, sowie die Solistin Susanne Hofmann-Rettig und die Pianistin Sabine Spengler mit Standing ovations. 21. April 2002: Erstes Fr\u00fchlingfest nach Gr\u00fcndung des Frauenchors unter dem Motto \u201e Mit Frohsinn und Gesang in den Fr\u00fchling\u201c in der herrlich dekorierten Maschinenhalle von Erika und Hans J\u00e4ger. 27. April 2002: Wahl des Gesamtvorstandes in einer au\u00dferordentlichen Generalversammlung, nachdem bei einer vorhergehenden Versammlung kein gesch\u00e4ftsf\u00fchrender Vorstand gew\u00e4hlt werden konnte. 11. Mai 2002: Mitwirkung des M\u00e4nnerchors beim Festkommers des SV 1952 Fahrenbach zum 50-j\u00e4hrigen Jubil\u00e4um. 02. Juni 2002: Volksliederwertungssingen in Lampertheim-Hofheim (2. Platz). 08. Juni 2002: Teilnahme am Chorwettbewerb \u201e140 Jahre GV S\u00e4ngerbund Wiesental\u201c (45 S\u00e4nger, 2. Platz). 21. Juni 2002: Festkommers zum 150-j\u00e4hrigen Jubil\u00e4um der Eintracht Birkenau; Teilnahme am Freundschaftssingen. 03.-04. Aug. 2002: Traditionelles Scheuerfest (j\u00e4hrlich am 1. Wochenende im August) in der Scheune der Familien J\u00f6st\/J\u00e4ger mit der Kreation des Getr\u00e4nks \u201eScheierdeiwel\u201c. 24. Aug. 2002: Freundschaftssingen des Frauen- und M\u00e4nnerchors aus Anlass \u201e90 Jahre S\u00e4ngerlust Lauten-Weschnitz\u201c. 12. Okt. 2002: Keltern der Jungs\u00e4nger im Hof von Richard J\u00f6st. 27. Sept. 2002: Aus Anlass \u201e250 Jahre Barockkirche F\u00fcrth\u201c Mitwirkung des M\u00e4nnerchors am Chorkonzert \/ Benefizkonzert mit 8 Ch\u00f6ren aus der Gro\u00dfgemeinde F\u00fcrth. 2003 5. April 2003: Teilnahme beider Ch\u00f6re am Kreiswertungssingen in Ober-Sch\u00f6nmattenwag, erstmalige Teilnahme des Frauenchores an einer derartigen Veranstaltung. 18. Mai 2003: Vereinsausflug mit 2 Bussen nach Miltenberg am Main mit Besuch des Klosters Engelberg (mit Dunkelbier und K\u00e4sebrot). 07. Juni 2003: Beim Festzug der \u201eGuttenbrunner\u201c von der Katholischen Kirche F\u00fcrth zur TV-Halle und dem anschliessenden Festakt zur Verschwisterung F\u00fcrth-Guttenbrun wirkte der M\u00e4nnerchor mit. 14. Juni 2003: Mitwirken am Festkommers 40 Jahre Freiwillige Feuerwehr Fahrenbach in der Halle von Bernd Langer. 22. Juni 2003: Beim Johannismarkt-Festzug pr\u00e4sentierten wir den Motivwagen \u201eLawrence von Arabien\u201c entsprechend dem Festzugsmotto mit einer gelungenen Darstellung. 07. Sept. 2003: Familienwandertag (j\u00e4hrlich wiederkehrend) Erstmals im Herbst starteten wir zu unserem Wandertag, der trotz Regenwetter mit 42 Wanderern\/Innen gut angenommen wurde, nach Ober-Hambach. Eine landschaftlich reizvolle Wegstrecke und die St\u00e4rkung unterwegs hoben die Stimmung, sodass wir auch die letzten Kilometer bis zur Scheune von Richard und Heinz schafften und hier dann rd. 100 Personen ein vorz\u00fcgliches Mittagessen angeboten wurde. 2004 03. April 2004: Ohne die anderen Veranstaltungen und Auftritte im Vereinsjahr abzuwerten, war der musikalische H\u00f6hepunkt das Chorkonzert zum 10-j\u00e4hrigen Dirigentenjubil\u00e4um mit der damit verbundenen Verleihung des Titels Chordirektor ADC an Frank Ewald. Die \u00fcber 500 Besucher in der bis auf den letzten Platz besetzten Halle des SV Fahrenbach waren \u00fcbereinstimmend der Meinung, dass wir hier Akzente gesetzt und den Zuh\u00f6rerInnen hervorragenden Chorgesang geboten haben und der \u00e4u\u00dfere Rahmen ebenfalls gestimmt hat. 24.-25. April 2004: Das zweite Fr\u00fchlingsfest in der zur Festhalle umdekorierten Maschinenhalle von Erika und Hans J\u00e4ger war sehr gut organisiert und ein Erfolg in jeder Hinsicht. 16. Mai 2004: Auftritt des Frauenchores beim Chorwettbewerb zum 25-j\u00e4hrigen Bestehen des Frauenchores Saulheim in der S\u00e4ngerhalle Saulheim mit dem 2. Platz. 28.-31. Mai 2004: Nach diesem umfangreichen Programm und Auftritten hatten wir uns einen Viertagesausflug \u00fcber Pfingsten redlich verdient und starteten mit \u00fcber 70 Personen nach Rinnen-Berwang. Alle anwesenden Mitglieder die dabei waren, werden best\u00e4tigen, dass der Ausflug von Richard J\u00f6st und den Mitgliedern des Vergn\u00fcgungsausschusses hervorragend organisiert war und uns neben dem k\u00f6stlichen Hausbrautrunk in \u00d6sterreichs h\u00f6chstgelegener Brauerei auch die hauseigene Bimmelbahn in ungeahnte H\u00f6hen bef\u00f6rderte. 13. Juni 2004: Radtour von Heppenheim \u00fcber Weinheim nach Fahrenbach zur\u00fcck. 26. Juni 2004: Weinpreissingen zum 110-j\u00e4hrigen Jubil\u00e4um des MGV \u201eS\u00e4ngerlust\u201c B\u00fcrstadt. In der Klasse M4 A (bis 47 S\u00e4nger) konnte unter 5 leistungsstarken der 2. Klassenpreis erreicht werden. 27. Juni 2004: Volksliederwettbewerb beim 125-j\u00e4hrigen Vereinsjubil\u00e4um des MGV \u201eKonkordia\u201c Balzfeld. Hier standen in der Klasse M4 B (bis 42 S\u00e4nger) 37 S\u00e4nger der Eintracht auf der Festzeltb\u00fchne und erzielten unter starker Konkurrenz von vier renommierten Vereinen den 1. Klassenpreis. Hinzu kam, dass unser Chorleiter Frank Ewald auch den Dirigentenpreis errang. 06. Juli 2004: Teilnahme unserer S\u00e4ngerjugend bei den Wassergaudi-Spielen des Angelsportclubs Fahrenbach mit Christian Gebhart, Stefan J\u00e4ger und Simon Eckert. Dank ihrer hervorragenden Schwimmkunst und vor allem der gro\u00dfen S\u00e4ngerlungen, sowie des ungekr\u00f6nten \u201eTeichminators\u201c Stefan wurde in diesem Jahr der 1. Platz, ein Pokal und 1 volles Bierfass gewonnen. 7.-8. Aug. 2004: Das traditionelle Scheuerfest ist und bleibt eine Gr\u00f6\u00dfe in unserem Jahres-Veranstaltungskalender. Der Besuch der Eintracht Birkenau und der S\u00e4ngerfreude Linnenbach, sowie Abordnungen weiterer befreundeter Vereine trug dazu bei, alte S\u00e4ngerfreundschaften aufzufrischen bzw. weiter auszubauen, was \u00fcbrigens auch f\u00fcr das Fr\u00fchlingsfest gilt. 06. Okt. 2004: Am Kerwesonntag waren wir dann unter dem Motto: \u201eOb Scheier, Schiclub, Feirwehr orre Oanglefeschd, die Kehrwe iss unn bleibt die beschd\u201c mit 20 Aktiven in Aktion. 06. Dez. 2004: Erstmals wurde von uns ein Nikolausdienst f\u00fcr die Kinder in Fahrenbach angeboten, der sehr gut angenommen wurde. 18. Dez. 2004: Gemeinsame Weihnachtsfeier mit dem SV Fahrenbach (j\u00e4hrlich wiederkehrend). 2005 11. M\u00e4rz 2005: Weinprobe in Weisenheim am Berg mit 37 TeilnehmerInnen. 13. M\u00e4rz 2005: Erstmalige Ehrung verdienter S\u00e4ngerInnen durch den Kreis Bergstra\u00dfe im Haus des Gastes in Wald-Michelbach. Von unserem Verein wurde Ernst Kaiser f\u00fcr 50 Jahre aktive S\u00e4ngert\u00e4tigkeit geehrt. 17. April 2005: Kreiswertungssingen Unter-Abtsteinach. 20. Mai 2005: Einweihung des Dorfgemeinschaftshauses Fahrenbach. 12. Juni 2005: Volksliederwertungssingen 100 Jahre Arbeitergesangverein Gro\u00df-Zimmern. 19. Juni 2005: 160 Jahre Meerholz Chorwettbewerb 4. Platz starke Konkurrenz. 11.-22. Sept. 2005: Konzertreise der Chorgemeinschaft Frank Ewald mit 97 S\u00e4ngern (davon 14 S\u00e4nger aus unserem Chor, insgesamt 36 Personen von der Fahrenbacher Gruppe, also sehr starke Beteiligung, f\u00fcr die Mitreisenden und insbesondere die aktiven S\u00e4nger ein herausragendes Ereignis mit Auftritten u.a. in Ottawa, Toronto, Montreal und in der St. Patrick\u00b4s-Cathedrale in New York). 02. Okt. 2005: 30 Jahre Lebenshilfe Mitwirkung des M\u00e4nnerchors beim Benefizkonzert (TV-Halle F\u00fcrth). 22. Okt. 2005: 50 Jahre Wendelinusbr\u00fccke und -statue Mitwirkung beim Festgottesdienst. 03.-04. Dez. 2005: Erstmals Teilnahme am Weihnachtsmarkt der Gemeinde mit einem Stand und Auftritten beider Ch\u00f6re. 11. Dez. 2005: Seniorenfeier der Gemeinde (Frauen- und M\u00e4nnerchor gestalten die Feier j\u00e4hrlich wechselnd mit). 18. Dez. 2005: Mitwirkung des Frauenchors bei der Weihnachtsfeier des Ski-Club Fahrenbach. \u00a9 Winfried Lannert 2006-2010 \u2192 \u2190 1980-2000<\/p>\n","protected":false},"author":17,"featured_media":0,"parent":0,"menu_order":0,"comment_status":"closed","ping_status":"closed","template":"","meta":{"ngg_post_thumbnail":0,"footnotes":""},"class_list":["post-306","page","type-page","status-publish","hentry"],"_links":{"self":[{"href":"http:\/\/www.eintracht-fahrenbach.de\/index.php?rest_route=\/wp\/v2\/pages\/306","targetHints":{"allow":["GET"]}}],"collection":[{"href":"http:\/\/www.eintracht-fahrenbach.de\/index.php?rest_route=\/wp\/v2\/pages"}],"about":[{"href":"http:\/\/www.eintracht-fahrenbach.de\/index.php?rest_route=\/wp\/v2\/types\/page"}],"author":[{"embeddable":true,"href":"http:\/\/www.eintracht-fahrenbach.de\/index.php?rest_route=\/wp\/v2\/users\/17"}],"replies":[{"embeddable":true,"href":"http:\/\/www.eintracht-fahrenbach.de\/index.php?rest_route=%2Fwp%2Fv2%2Fcomments&post=306"}],"version-history":[{"count":28,"href":"http:\/\/www.eintracht-fahrenbach.de\/index.php?rest_route=\/wp\/v2\/pages\/306\/revisions"}],"predecessor-version":[{"id":1017,"href":"http:\/\/www.eintracht-fahrenbach.de\/index.php?rest_route=\/wp\/v2\/pages\/306\/revisions\/1017"}],"wp:attachment":[{"href":"http:\/\/www.eintracht-fahrenbach.de\/index.php?rest_route=%2Fwp%2Fv2%2Fmedia&parent=306"}],"curies":[{"name":"wp","href":"https:\/\/api.w.org\/{rel}","templated":true}]}}