{"id":292,"date":"2010-11-02T11:04:23","date_gmt":"2010-11-02T11:04:23","guid":{"rendered":"http:\/\/www.eintracht-fahrenbach.de\/eintracht\/?page_id=292"},"modified":"2011-05-08T08:19:29","modified_gmt":"2011-05-08T08:19:29","slug":"vereinschronik-1980-2000","status":"publish","type":"page","link":"http:\/\/www.eintracht-fahrenbach.de\/?page_id=292","title":{"rendered":"Vereinschronik 1980 &#8211; 2000"},"content":{"rendered":"<p><strong>1980<\/strong><br \/>\nFranz Arnold kandidierte nach 25 Jahren nicht mehr als 1. Vorsitzender. Gerold Schmid wurde von der Mitgliederversammlung zu dessen Nachfolger gew\u00e4hlt.<\/p>\n<p><strong>1981<\/strong><br \/>\nEs fanden die \u00fcblichen Aktivit\u00e4ten der vergangenen Jahre statt. Die Familienwanderung f\u00fchrte nach Mittershausen. Beim Scheuerfest wurde erstmals auch Kaffee und Kuchen angeboten.<\/p>\n<p><strong>1982<\/strong><br \/>\nBesuch beim Gesangverein in Fahrenbach bei Mosbach zu dessen 75-j\u00e4hrigem Jubil\u00e4um.<br \/>\nDem langj\u00e4hrigen 1.Vorsitzenden und noch aktiven S\u00e4nger der &#8222;Eintracht&#8220; Franz Arnold wurde mit einem Fackelzug zu dessen 70. Geburtstag gratuliert.<\/p>\n<p>ngg_shortcode_0_placeholder<br \/>\n<\/p>\n<p><strong>1983<\/strong><br \/>\nTeilnahme bei der Beerdigung der Vereinswirtin, unserer &#8222;H\u00f6lzings-Marie&#8220;.<\/p>\n<p><strong>1985<\/strong><br \/>\nMitwirkung bei der Meisterschaftsfeier des SV Fahrenbach.Besuch beim Bruderverein &#8222;Freundschaft Fahrenbach&#8220;. Nachdem die S\u00e4nger bereits 1984 beim Liederabend zu Gast waren, war f\u00fcr 1986 wiederum ein Besuch anl\u00e4\u00dflich des Liederabends hier in Fahrenbach geplant.<\/p>\n<p><strong>1986<\/strong><br \/>\nWeinprobe der aktiven S\u00e4nger in Bechtholzheim.<\/p>\n<p><strong>1988<\/strong><br \/>\nMitwirkung beim Gro\u00dfen Zapfenstreich anl\u00e4\u00dflich des 25-j\u00e4hrigen Jubil\u00e4ums der Freiwilligen Feuerwehr Fahrenbach. Es wurde &#8222;Die Post im Walde&#8220; unter Begleitung von Solo-Trompeter Peter Clemens und &#8222;Ich bete an die Macht der Liebe&#8220; mit Begleitung durch die Katholische Kirchenmusikapelle F\u00fcrth zum Besten gegeben.<\/p>\n<p><strong>1989<\/strong><br \/>\nOttmar Gebhart wurde von der Mitgliederversammlung zum 1. Vorsitzenden des Gesangvereins &#8222;Eintracht&#8220; gew\u00e4hlt. Der bisherige Vorsitzende Gerold Schmid legt das Amt aus gesundheitlichen Gr\u00fcnden nieder.<br \/>\nTagesausflug zur Saalburg und zum Hessenpark nach Neu-Anspach.<\/p>\n<p><strong>1990<\/strong><br \/>\nErstmalig Teilnahme am Kerweumzug in Fahrenbach mit eigenem Motivwagen aus Anla\u00df des 90-j\u00e4hrigen Bestehens des Vereins. Die Teilnahme sollte gleichzeitig als Werbung f\u00fcr den Gesangverein zu einem festen Bestandteil im Vereinsgeschehen werden.<\/p>\n<p><strong>1991<\/strong><br \/>\nWeinprobe in Abenheim.<\/p>\n<p><strong>1992<\/strong><br \/>\nDer Verein wurde am 13.7.1992 unter VR-Nr. 436 ins Vereinsregister beim Amtsgericht in F\u00fcrth eingetragen.<br \/>\nTeilnahme am 40-j\u00e4hrigen Vereinsjubil\u00e4um des SV Fahrenbach. Tagesausflug nach W\u00fcrzburg.<br \/>\nWinfried Lannert und Ottmar Gebhart besuchten 1992 den Vizechorleiterlehrgang in Reisen mit Erfolg. Winfried Lannert wurde im folgenden Jahr zum Vizechorleiter der &#8222;Eintracht&#8220; Fahrenbach bestellt.<\/p>\n<p><strong>1993<\/strong><br \/>\nErstmalig Fahrradtour des Vereins. Man will dies zu einer st\u00e4ndigen Einrichtung werden lassen.<br \/>\nAm 29.12.1993 wurde der neue Dirigent Frank Ewald (24 Jahre) den S\u00e4ngern vorgestellt.<\/p>\n<p><strong>1994<\/strong><br \/>\n4.1.1994 erste Singstunde mit Dirigent Frank Ewald. Die ersten Fr\u00fcchte wurden bereits am 12. Juni in F\u00fcrth beim 150-j\u00e4hrigen Jubil\u00e4um des Gesangvereins &#8222;Liederkranz&#8220; geerntet. Die &#8222;Eintracht&#8220; Fahrenbach errang erstmals in der Vereinsgeschichte den 1. Klassenpreis und den Preis f\u00fcr das bestvorgetragene Volkslied f\u00fcr &#8222;Die D\u00e4mmerung f\u00e4llt&#8220;. Mit den beiden Volksliedern \u201eDie D\u00e4mmerung f\u00e4llt\u201c und \u201eDie Hochzeit der Fr\u00f6sche\u201c erringt der M\u00e4nnerchor aus Fahrenbach mit seinem neuen Dirigenten Frank Ewald den 1. Platz und den Dirigentenpreis.<\/p>\n<p>Letzter Liederabend der &#8222;Eintracht&#8220; am 26.3.1994 in der Sporthalle. Wegen Desinteresse seitens der \u00f6rtlichen Bev\u00f6lkerung ist eine Fortsetzung zun\u00e4chst nicht geplant. Der Chor nimmt verst\u00e4rkt wieder an Wertungssingen teil. Durch die erfolgreiche Teilnahme an Chorwettbewerben steigt die Zahl der S\u00e4nger stetig an.<\/p>\n<p>ngg_shortcode_1_placeholder<br \/>\n<\/p>\n<p><strong>1995<\/strong><br \/>\nMitwirkung bei der Platzeinweihung in der Ortsmitte am 23.5.1995.<br \/>\nBeim Kreiswertungssingen in M\u00f6rlenbach erreichte die \u201eEintracht\u201d die Wertung -hervorragend bis sehr gut- und damit die beste Bewertung in der Klasse C. Um die Basis f\u00fcr weitere Erfolge zu schaffen, wurde erstmals am 1. April ein Tagesseminar im &#8222;Deutschen Kaiser&#8220; in Altneudorf durchgef\u00fchrt. Dieses Seminar wurde auch in den Folgejahren mit sehr gro\u00dfer Resonanz seitens der Aktiven in dem gem\u00fctlichen Lokal in Altneudorf vom Dirigenten Frank Ewald abgehalten.<\/p>\n<p>Beim Punkt- und Weinpreissingen in Westhofen erzielte die &#8222;Eintracht&#8220; jeweils den ersten Platz und konnte neben einem Goldpokal noch 180 Flaschen Wein als Sieger mit nach Hause nehmen .Unser Chorleiter erhielt zwei Dirigentenpreise. Beim Punktwertungssingen in Neudorf belegte der Verein mit den Liedern \u201eDer Tod von Flandern\u201c und \u201eHochzeit der Fr\u00f6sche\u201c den 2. Platz bei 130 Punkten.<\/p>\n<p><strong>1996<\/strong><br \/>\nMitwirkung beim Fr\u00fchlingskonzert der Odenw\u00e4lder Trachtenkapelle, bei der Verabschiedung von B\u00fcrgermeister Gregor D\u00f6rsam und Mehrtagesausflug \u00fcber Pfingsten nach Ellmau\/Tirol.<\/p>\n<p>Beim Wertungssingen in Gadern erzielte der Verein mit den Liedvortr\u00e4gen &#8222;Der Tod von Flandern&#8220;,<br \/>\n&#8222;Die D\u00e4mmerung f\u00e4llt&#8220; und &#8222;Hochzeit der Fr\u00f6sche\u201dden 1. Platz und den Dirigentenpreis. Beim Punktwertungssingen in Abenheim wurde damit der 2. Platz erreicht. Siegpr\u00e4mie 125 Flaschen Wein.<br \/>\nDas Volksliederwertungssingen konnte ebenfalls mit einem sehr guten 2. Platz gefeiert werden. Das Volksliederwertungssingen in Baiertal wurde mit dem 1. Klassenpreis abgeschlossen.<\/p>\n<p><strong>1997<\/strong><br \/>\nHervorragend \u201chei\u00dft das Gesamtpr\u00e4dikat\u201d beim Kreiswertungssingen in Tr\u00f6sel am 19. April. Beim Punktwertungs- und dem Weinpreissingen in Alsheim konnte der 2. Klassenpreis und 120 Flaschen Wein mit nach Hause genommen werden. Es wurden die Lieder \u201eDer Tod von Flandern\u201c und \u201eSchn\u00fctzelputzh\u00e4usel\u201c dargeboten. Im h\u00f6chsten Ehrensingen erreichte die Eintracht mit Dirigent Ewald ebenfalls den 2. Platz.<\/p>\n<p><strong>1998<\/strong><br \/>\nFr\u00fchlingskonzert der &#8222;Eintracht&#8220; Fahrenbach in der Sporthalle. Das Konzert ist auf eine sehr positive Resonanz der Besucher gesto\u00dfen. Die Halle war bis auf den letzten Platz ausverkauft dies war gleichzeitig Lohn f\u00fcr gute Leistung der S\u00e4nger, Solisten und unseres Chorleiters Frank Ewald.<\/p>\n<p>Beim Preiswertungssingen der \u201cLyra\u201d Schriesheim erzielte der Chor mit \u201eBeati mortui\u201c \/ \u201eH\u00f6rst du, wie die Brunnen rauschen\u201c mit Solist Otto Eisenhauer und \u201eLauf, J\u00e4ger lauf\u201c den 1. Klassenpreis.<\/p>\n<p>Beim Volksliederwertungssingen in Gro\u00dfsachsen erzielte man den 2. Klassenpreis.<br \/>\nEbenfalls den 2. Klassenpreis erreichte die \u201eEintracht\u201c und Dirigent Ewald beim Volksliederwertungssingen in Ober-Hainbrunn mit.<\/p>\n<p>F\u00fcr die Lieder \u201eLauf, J\u00e4ger lauf\u201c und \u201eH\u00f6rst du, wie die Brunnen rauschen\u201c, Solist Otto Eisenhauer, wurde dem Verein beim Volksliederwertungssingen der \u201cUnion\u201d Wald-Michelbach ein -Silber Diplom- \u00fcberreicht.<\/p>\n<p>ngg_shortcode_2_placeholder<br \/>\n<\/p>\n<p><strong>1999<\/strong><br \/>\nTeilnahme am Kreiswertungssingen in Unter-Sch\u00f6nmattenwag. Hier konnte die \u201eEintracht\u201c mit Dirigent Frank Ewald bestens abschneiden. F\u00fcr \u201eDer Tod von Flandern\u201c konnte die Bewertung -hervorragend bis sehr gut- und f\u00fcr \u201eO, du sch\u00f6ne Maienzeit\u201c -hervorragend- erzielt werden.<\/p>\n<p>Beim Punktwertungssingen in Brombach-Kr\u00f6ckelbach erreichte der Verein mit \u201eDer Tod von Flandern\u201c und \u201eLauf, J\u00e4ger lauf\u201c den 2. Klassenpreis.<\/p>\n<p>Ebenfalls der 2. Klassenpreis wurde bei st\u00e4rkster Konkurrenz beim Volksliederwertungssingen in Eppertshausen erreicht. Unser Dirigent erh\u00e4lt den Dirigentenpreis.<\/p>\n<p>Beim Pr\u00e4dikatsingen der Liedertafel Hockenheim hatte die Eintracht die Lieder \u201cDer Tod von Flandern\u201c und \u201eH\u00f6rst du, wie die Brunnen rauschen\u201c in bester Form dargeboten und erreichte den 2. Klassenpreis.<\/p>\n<p>Der H\u00f6hepunkt im Vereinsleben war der Pfingstausflug nach Waldm\u00fcnchen. Hier erlebten die S\u00e4nger herrliche Tage im Bayrischen Wald. Die Mitwirkung beim Gottesdienst in Waldm\u00fcnchen wurde von der Bev\u00f6lkerung sehr positiv aufgenommen.<\/p>\n<p><strong>2000<\/strong><br \/>\nDer M\u00e4nnergesangverein &#8222;Eintracht&#8220; Fahrenbach war und ist in seiner nunmehr 100-j\u00e4hrigen Vereinsgeschichte Kulturtr\u00e4ger im Ort. Durch die Mitgestaltung der Wendelinusfeier, die Mitwirkung beim Volkstrauertag, bei der Seniorenweihnachtsfeier, bei Vereinsjubil\u00e4en, bei der Kirchweih, sowie die Abhaltung von Konzerten, Liederabenden und Vereinsfesten, bei denen der Chorgesang nicht zu kurz kam, pr\u00e4gten das Vereinsgeschehen des Gesangvereins in Fahrenbach.<\/p>\n<p>Das 100-j\u00e4hrige Vereinsjubil\u00e4um ist vom 19.-28.5.2000 in und um die Sporthalle des SV Fahrenbach geplant. H\u00f6hepunkt werden neben dem Festkommers am 19.Mai, das Punktwertungssingen am 27. Mai und das Volksliederwertungssingen am 28. Mai sein.<\/p>\n<p>Mitten in dieser beeindruckenden Vereinsgeschichte zeigt sich die Eintracht als ein Chor, der erfolgreich, zukunfts- und leistungsorientiert gef\u00fchrt wird; und nicht zuletzt die Pr\u00e4senz bei Leistungssingen und auf Wettbewerben bei befreundeten Vereinen war und ist Grundlage f\u00fcr weitere erfolgreiche Chorarbeit.<\/p>\n<table border=\"0\">\n<tbody>\n<tr>\n<td>\u00a9 Peter J\u00e4ger<\/td>\n<\/tr>\n<\/tbody>\n<\/table>\n<p style=\"text-align: right;\"><a title=\"Vereinschronik von 2000 - 2005\" href=\"http:\/\/www.eintracht-fahrenbach.de\/?page_id=306\">2000-2005 \u2192<\/a><\/p>\n<p style=\"text-align: left;\"><a title=\"Vereinschronik von 1950 - 1979\" href=\"http:\/\/www.eintracht-fahrenbach.de\/?page_id=283\">\u2190 1950-1979<\/a><\/p>\n","protected":false},"excerpt":{"rendered":"<p>1980 Franz Arnold kandidierte nach 25 Jahren nicht mehr als 1. Vorsitzender. Gerold Schmid wurde von der Mitgliederversammlung zu dessen Nachfolger gew\u00e4hlt. 1981 Es fanden die \u00fcblichen Aktivit\u00e4ten der vergangenen Jahre statt. Die Familienwanderung f\u00fchrte nach Mittershausen. Beim Scheuerfest wurde erstmals auch Kaffee und Kuchen angeboten. 1982 Besuch beim Gesangverein in Fahrenbach bei Mosbach zu dessen 75-j\u00e4hrigem Jubil\u00e4um. Dem langj\u00e4hrigen 1.Vorsitzenden und noch aktiven S\u00e4nger der &#8222;Eintracht&#8220; Franz Arnold wurde mit einem Fackelzug zu dessen 70. Geburtstag gratuliert. 1983 Teilnahme bei der Beerdigung der Vereinswirtin, unserer &#8222;H\u00f6lzings-Marie&#8220;. 1985 Mitwirkung bei der Meisterschaftsfeier des SV Fahrenbach.Besuch beim Bruderverein &#8222;Freundschaft Fahrenbach&#8220;. Nachdem die S\u00e4nger bereits 1984 beim Liederabend zu Gast waren, war f\u00fcr 1986 wiederum ein Besuch anl\u00e4\u00dflich des Liederabends hier in Fahrenbach geplant. 1986 Weinprobe der aktiven S\u00e4nger in Bechtholzheim. 1988 Mitwirkung beim Gro\u00dfen Zapfenstreich anl\u00e4\u00dflich des 25-j\u00e4hrigen Jubil\u00e4ums der Freiwilligen Feuerwehr Fahrenbach. Es wurde &#8222;Die Post im Walde&#8220; unter Begleitung von Solo-Trompeter Peter Clemens und &#8222;Ich bete an die Macht der Liebe&#8220; mit Begleitung durch die Katholische Kirchenmusikapelle F\u00fcrth zum Besten gegeben. 1989 Ottmar Gebhart wurde von der Mitgliederversammlung zum 1. Vorsitzenden des Gesangvereins &#8222;Eintracht&#8220; gew\u00e4hlt. Der bisherige Vorsitzende Gerold Schmid legt das Amt aus gesundheitlichen Gr\u00fcnden nieder. Tagesausflug zur Saalburg und zum Hessenpark nach Neu-Anspach. 1990 Erstmalig Teilnahme am Kerweumzug in Fahrenbach mit eigenem Motivwagen aus Anla\u00df des 90-j\u00e4hrigen Bestehens des Vereins. Die Teilnahme sollte gleichzeitig als Werbung f\u00fcr den Gesangverein zu einem festen Bestandteil im Vereinsgeschehen werden. 1991 Weinprobe in Abenheim. 1992 Der Verein wurde am 13.7.1992 unter VR-Nr. 436 ins Vereinsregister beim Amtsgericht in F\u00fcrth eingetragen. Teilnahme am 40-j\u00e4hrigen Vereinsjubil\u00e4um des SV Fahrenbach. Tagesausflug nach W\u00fcrzburg. Winfried Lannert und Ottmar Gebhart besuchten 1992 den Vizechorleiterlehrgang in Reisen mit Erfolg. Winfried Lannert wurde im folgenden Jahr zum Vizechorleiter der &#8222;Eintracht&#8220; Fahrenbach bestellt. 1993 Erstmalig Fahrradtour des Vereins. Man will dies zu einer st\u00e4ndigen Einrichtung werden lassen. Am 29.12.1993 wurde der neue Dirigent Frank Ewald (24 Jahre) den S\u00e4ngern vorgestellt. 1994 4.1.1994 erste Singstunde mit Dirigent Frank Ewald. Die ersten Fr\u00fcchte wurden bereits am 12. Juni in F\u00fcrth beim 150-j\u00e4hrigen Jubil\u00e4um des Gesangvereins &#8222;Liederkranz&#8220; geerntet. Die &#8222;Eintracht&#8220; Fahrenbach errang erstmals in der Vereinsgeschichte den 1. Klassenpreis und den Preis f\u00fcr das bestvorgetragene Volkslied f\u00fcr &#8222;Die D\u00e4mmerung f\u00e4llt&#8220;. Mit den beiden Volksliedern \u201eDie D\u00e4mmerung f\u00e4llt\u201c und \u201eDie Hochzeit der Fr\u00f6sche\u201c erringt der M\u00e4nnerchor aus Fahrenbach mit seinem neuen Dirigenten Frank Ewald den 1. Platz und den Dirigentenpreis. Letzter Liederabend der &#8222;Eintracht&#8220; am 26.3.1994 in der Sporthalle. Wegen Desinteresse seitens der \u00f6rtlichen Bev\u00f6lkerung ist eine Fortsetzung zun\u00e4chst nicht geplant. Der Chor nimmt verst\u00e4rkt wieder an Wertungssingen teil. Durch die erfolgreiche Teilnahme an Chorwettbewerben steigt die Zahl der S\u00e4nger stetig an. 1995 Mitwirkung bei der Platzeinweihung in der Ortsmitte am 23.5.1995. Beim Kreiswertungssingen in M\u00f6rlenbach erreichte die \u201eEintracht\u201d die Wertung -hervorragend bis sehr gut- und damit die beste Bewertung in der Klasse C. Um die Basis f\u00fcr weitere Erfolge zu schaffen, wurde erstmals am 1. April ein Tagesseminar im &#8222;Deutschen Kaiser&#8220; in Altneudorf durchgef\u00fchrt. Dieses Seminar wurde auch in den Folgejahren mit sehr gro\u00dfer Resonanz seitens der Aktiven in dem gem\u00fctlichen Lokal in Altneudorf vom Dirigenten Frank Ewald abgehalten. Beim Punkt- und Weinpreissingen in Westhofen erzielte die &#8222;Eintracht&#8220; jeweils den ersten Platz und konnte neben einem Goldpokal noch 180 Flaschen Wein als Sieger mit nach Hause nehmen .Unser Chorleiter erhielt zwei Dirigentenpreise. Beim Punktwertungssingen in Neudorf belegte der Verein mit den Liedern \u201eDer Tod von Flandern\u201c und \u201eHochzeit der Fr\u00f6sche\u201c den 2. Platz bei 130 Punkten. 1996 Mitwirkung beim Fr\u00fchlingskonzert der Odenw\u00e4lder Trachtenkapelle, bei der Verabschiedung von B\u00fcrgermeister Gregor D\u00f6rsam und Mehrtagesausflug \u00fcber Pfingsten nach Ellmau\/Tirol. Beim Wertungssingen in Gadern erzielte der Verein mit den Liedvortr\u00e4gen &#8222;Der Tod von Flandern&#8220;, &#8222;Die D\u00e4mmerung f\u00e4llt&#8220; und &#8222;Hochzeit der Fr\u00f6sche\u201dden 1. Platz und den Dirigentenpreis. Beim Punktwertungssingen in Abenheim wurde damit der 2. Platz erreicht. Siegpr\u00e4mie 125 Flaschen Wein. Das Volksliederwertungssingen konnte ebenfalls mit einem sehr guten 2. Platz gefeiert werden. Das Volksliederwertungssingen in Baiertal wurde mit dem 1. Klassenpreis abgeschlossen. 1997 Hervorragend \u201chei\u00dft das Gesamtpr\u00e4dikat\u201d beim Kreiswertungssingen in Tr\u00f6sel am 19. April. Beim Punktwertungs- und dem Weinpreissingen in Alsheim konnte der 2. Klassenpreis und 120 Flaschen Wein mit nach Hause genommen werden. Es wurden die Lieder \u201eDer Tod von Flandern\u201c und \u201eSchn\u00fctzelputzh\u00e4usel\u201c dargeboten. Im h\u00f6chsten Ehrensingen erreichte die Eintracht mit Dirigent Ewald ebenfalls den 2. Platz. 1998 Fr\u00fchlingskonzert der &#8222;Eintracht&#8220; Fahrenbach in der Sporthalle. Das Konzert ist auf eine sehr positive Resonanz der Besucher gesto\u00dfen. Die Halle war bis auf den letzten Platz ausverkauft dies war gleichzeitig Lohn f\u00fcr gute Leistung der S\u00e4nger, Solisten und unseres Chorleiters Frank Ewald. Beim Preiswertungssingen der \u201cLyra\u201d Schriesheim erzielte der Chor mit \u201eBeati mortui\u201c \/ \u201eH\u00f6rst du, wie die Brunnen rauschen\u201c mit Solist Otto Eisenhauer und \u201eLauf, J\u00e4ger lauf\u201c den 1. Klassenpreis. Beim Volksliederwertungssingen in Gro\u00dfsachsen erzielte man den 2. Klassenpreis. Ebenfalls den 2. Klassenpreis erreichte die \u201eEintracht\u201c und Dirigent Ewald beim Volksliederwertungssingen in Ober-Hainbrunn mit. F\u00fcr die Lieder \u201eLauf, J\u00e4ger lauf\u201c und \u201eH\u00f6rst du, wie die Brunnen rauschen\u201c, Solist Otto Eisenhauer, wurde dem Verein beim Volksliederwertungssingen der \u201cUnion\u201d Wald-Michelbach ein -Silber Diplom- \u00fcberreicht. 1999 Teilnahme am Kreiswertungssingen in Unter-Sch\u00f6nmattenwag. Hier konnte die \u201eEintracht\u201c mit Dirigent Frank Ewald bestens abschneiden. F\u00fcr \u201eDer Tod von Flandern\u201c konnte die Bewertung -hervorragend bis sehr gut- und f\u00fcr \u201eO, du sch\u00f6ne Maienzeit\u201c -hervorragend- erzielt werden. Beim Punktwertungssingen in Brombach-Kr\u00f6ckelbach erreichte der Verein mit \u201eDer Tod von Flandern\u201c und \u201eLauf, J\u00e4ger lauf\u201c den 2. Klassenpreis. Ebenfalls der 2. Klassenpreis wurde bei st\u00e4rkster Konkurrenz beim Volksliederwertungssingen in Eppertshausen erreicht. Unser Dirigent erh\u00e4lt den Dirigentenpreis. Beim Pr\u00e4dikatsingen der Liedertafel Hockenheim hatte die Eintracht die Lieder \u201cDer Tod von Flandern\u201c und \u201eH\u00f6rst du, wie die Brunnen rauschen\u201c in bester Form dargeboten und erreichte den 2. Klassenpreis. Der H\u00f6hepunkt im Vereinsleben war der Pfingstausflug nach Waldm\u00fcnchen. Hier erlebten die S\u00e4nger herrliche Tage im Bayrischen Wald. Die Mitwirkung beim Gottesdienst in Waldm\u00fcnchen wurde von der Bev\u00f6lkerung sehr positiv aufgenommen. 2000 Der M\u00e4nnergesangverein &#8222;Eintracht&#8220; Fahrenbach war und ist in seiner nunmehr 100-j\u00e4hrigen Vereinsgeschichte Kulturtr\u00e4ger im Ort. Durch die Mitgestaltung der Wendelinusfeier, die Mitwirkung beim Volkstrauertag, bei der Seniorenweihnachtsfeier, bei Vereinsjubil\u00e4en, bei der Kirchweih, sowie die Abhaltung von Konzerten, Liederabenden und Vereinsfesten, bei denen der Chorgesang nicht zu kurz kam, pr\u00e4gten das Vereinsgeschehen des Gesangvereins in Fahrenbach. Das 100-j\u00e4hrige Vereinsjubil\u00e4um ist vom 19.-28.5.2000 in und um die Sporthalle des SV Fahrenbach geplant. H\u00f6hepunkt werden neben dem Festkommers am 19.Mai, das Punktwertungssingen am 27. Mai und das Volksliederwertungssingen am 28. Mai sein. Mitten in dieser beeindruckenden Vereinsgeschichte zeigt sich die Eintracht als ein Chor, der erfolgreich, zukunfts- und leistungsorientiert gef\u00fchrt wird; und nicht zuletzt die Pr\u00e4senz bei Leistungssingen und auf Wettbewerben bei befreundeten Vereinen war und ist Grundlage f\u00fcr weitere erfolgreiche Chorarbeit. \u00a9 Peter J\u00e4ger 2000-2005 \u2192 \u2190 1950-1979<\/p>\n","protected":false},"author":17,"featured_media":0,"parent":0,"menu_order":0,"comment_status":"closed","ping_status":"closed","template":"","meta":{"ngg_post_thumbnail":0,"footnotes":""},"class_list":["post-292","page","type-page","status-publish","hentry"],"_links":{"self":[{"href":"http:\/\/www.eintracht-fahrenbach.de\/index.php?rest_route=\/wp\/v2\/pages\/292","targetHints":{"allow":["GET"]}}],"collection":[{"href":"http:\/\/www.eintracht-fahrenbach.de\/index.php?rest_route=\/wp\/v2\/pages"}],"about":[{"href":"http:\/\/www.eintracht-fahrenbach.de\/index.php?rest_route=\/wp\/v2\/types\/page"}],"author":[{"embeddable":true,"href":"http:\/\/www.eintracht-fahrenbach.de\/index.php?rest_route=\/wp\/v2\/users\/17"}],"replies":[{"embeddable":true,"href":"http:\/\/www.eintracht-fahrenbach.de\/index.php?rest_route=%2Fwp%2Fv2%2Fcomments&post=292"}],"version-history":[{"count":23,"href":"http:\/\/www.eintracht-fahrenbach.de\/index.php?rest_route=\/wp\/v2\/pages\/292\/revisions"}],"predecessor-version":[{"id":1016,"href":"http:\/\/www.eintracht-fahrenbach.de\/index.php?rest_route=\/wp\/v2\/pages\/292\/revisions\/1016"}],"wp:attachment":[{"href":"http:\/\/www.eintracht-fahrenbach.de\/index.php?rest_route=%2Fwp%2Fv2%2Fmedia&parent=292"}],"curies":[{"name":"wp","href":"https:\/\/api.w.org\/{rel}","templated":true}]}}