{"id":283,"date":"2010-11-02T10:26:13","date_gmt":"2010-11-02T10:26:13","guid":{"rendered":"http:\/\/www.eintracht-fahrenbach.de\/eintracht\/?page_id=283"},"modified":"2011-05-08T08:18:13","modified_gmt":"2011-05-08T08:18:13","slug":"vereinschronik","status":"publish","type":"page","link":"http:\/\/www.eintracht-fahrenbach.de\/?page_id=283","title":{"rendered":"Vereinschronik 1950 &#8211; 1979"},"content":{"rendered":"<p><strong>1950<\/strong><br \/>\nAm 10. &#8211; 12.6.1950 wurde das 50-j\u00e4hrige Jubil\u00e4um im Grasgarten von Adam Wagner (&#8222;Scholze&#8220;) und der sich anschlie\u00dfenden Wiese von Johannes Engelhart gefeiert. Es wurde ein Festzelt f\u00fcr 700 Personen gegen\u00fcber dem Wohnhaus von Leonhard Arnold (&#8222;Kleins&#8220;) aufgebaut. Zum Gedenken an die gefallenen Vereinsmitglieder sowie der Gefallenen aus dem gesamten Ort wurden 2 Findlinge als Gedenksteine am Denkmal errichtet. Die Gedenksteine wurden am Festsonntag enth\u00fcllt und eingeweiht. Am Ehrenmal sprachen die B\u00fcrgermeister Berg aus F\u00fcrth und Schmitt aus Rimbach. Ferner Oberlehrer Kuba und Kaplan Krau\u00df aus F\u00fcrth. Der Gesangverein gab das Lied &#8222;Er liegt auf fremder Erde&#8220; zu Geh\u00f6r. Der Festablauf: Samstag: Festakt im Festzelt mit 200 G\u00e4sten. Sonntag: Weckruf \/ 7.00 Uhr Gottesdienst f\u00fcr die Gefallenen des 2. Weltkrieges \/ 10.00 Uhr Trauerfeier am Ehrenmal und Enth\u00fcllung der beiden Gedenksteine \/ 14.30 Uhr Festzug mit 19 Gastvereinen zum Festzelt. Die von den Festjungfrauen gestiftete Schleife wurde von Ehrendame Tilli G\u00f6lz \u00fcberreicht \/ 20.00 Uhr Tanzveranstaltung im Festzelt.<\/p>\n<p>ngg_shortcode_0_placeholder<br \/>\n<\/p>\n<p><code><\/code><strong>1951<br \/>\n<\/strong>Ausflug des Vereins nach Wiesbaden, Bad Schwalbach und R\u00fcdesheim. Ferner wurde in diesem Jahr im Rahmen eines Liederabends das Theaterst\u00fcck &#8222;Holzf\u00e4llers Leni&#8220; aufgef\u00fchrt.<\/p>\n<p><strong>1952<\/strong><br \/>\nDas Eintrittsalter in den Chor wurde gesenkt. Es sollten auch&#8220; Schulentlassene&#8220; dem Verein aktiv beitreten k\u00f6nnen. Die automatische Ehrenmitgliedschaft und Beitragsfreiheit nach 25 Jahren Mitgliedschaft wurde abgeschafft. Ehrenmitglieder sollten nur aufgrund besonderer Leistungen ernannt werden.<\/p>\n<p><strong>1953<\/strong><br \/>\nAusflug zusammen mit dem Sportverein \u00fcber Worms nach Bingen. Sp\u00e4ter Weiterfahrt \u00fcber Ingelheim nach Mommenheim ins Weingut Josef Breier, dem Bruder von Adam Breier in der Waldstra\u00dfe 21. Im Laufe der Weinprobe brachte der Chor mit einigen Liedern Josef Breier Gr\u00fc\u00dfe aus seiner alten Heimat.<\/p>\n<p><strong>1954<\/strong><br \/>\nAusflug zusammen mit dem Sportverein nach R\u00fcdesheim und einer Wanderung \u00fcber Burg-Rodenstein nach Fr\u00e4nkisch Krumbach.<br \/>\nAu\u00dferordentliche Mitgliederversammlung wegen schlechten \u00dcbungsbesuchs und Beratung \u00fcber die Beteiligung bei der Einweihung der SV-Halle.<\/p>\n<p><strong>1955<\/strong><br \/>\n1. Vorsitzender Josef J\u00e4ger lehnte aus Altersgr\u00fcnden eine erneute Kandidatur ab. In geheimer Abstimmung wurde Franz Arnold zum Vorsitzenden des Gesangvereins &#8222;Eintracht&#8220; gew\u00e4hlt. Sein Gegenkandidat war Josef Arnold III.<\/p>\n<p>Theaterauff\u00fchrung des St\u00fcckes &#8222;Familien Anschluss\u201d .<\/p>\n<p>Ausflug \u00fcber Heidelberg, Neckarsteinach und Heilbronn nach Kochendorf zur Besichtigung des Salzbergwerkes.<br \/>\nDer 1. Liederabend in der SV-Halle mit Vorf\u00fchrung des Einakters &#8222;S\u00e4ngerprobe mit Hindernissen&#8220;.<br \/>\nFerner wurde in diesem Jahr das Theaterspiel &#8222;Der Schu\u00df im Erlengrund&#8220; vorgef\u00fchrt.<br \/>\nZu Ehren der M\u00fctter wurde in der SV-Halle erstmalig eine Veranstaltung abgehalten. Es wurde allen M\u00fcttern ein Blumenstrau\u00df \u00fcberreicht.<\/p>\n<p><strong>1956<\/strong><br \/>\nVereinsausflug \u00fcber Erbach, Engelberg, Miltenberg und Amorbach zum Neckar.<\/p>\n<p><strong>1958<\/strong><br \/>\nDie Muttertagsfeier wurde zum festen Bestandteil im Vereinsleben. Es gab erstmalig auch Kaffee und Kuchen.<\/p>\n<p><strong>1959<\/strong><br \/>\nKappenabend erstmals mit B\u00fcttenreden und humorvollen Beitr\u00e4gen im Vereinslokal &#8222;H\u00f6lzing&#8220;.<\/p>\n<p>Ausflug nach Fahrenbach bei Mosbach zu dem dortigen Gesangverein &#8222;Freundschaft Fahrenbach&#8220;.<br \/>\nDie &#8222;Eintracht&#8220; sang beim Sonntagsgottesdienst in der Kath. Kirche.<\/p>\n<p>Gegenbesuch durch den Gesangverein &#8222;Freundschaft Fahrenbach&#8220; mit 90 Personen.<\/p>\n<p><strong>1960<\/strong><br \/>\nZum 60-j\u00e4hrigen Gr\u00fcndungsfest wurde der Nachbarverein &#8222;Frohsinn L\u00f6rzenbach&#8220;, die S\u00e4ngerfreunde aus Sonderbach und die Sangesbr\u00fcder &#8222;Freundschaft Fahrenbach&#8220; eingeladen. Zum Festbeginn gab es Liedvortr\u00e4ge am Ehrenmal und anschlie\u00dfend Freundschaftssingen in der Sporthalle. Am Sonntag fr\u00fch wurden St\u00e4ndchen an verschiedenen Punkten im Ort gesungen. Hierbei beteiligte sich auch der Gastverein aus Fahrenbach bei Mosbach.<\/p>\n<p><strong>1967<\/strong><br \/>\nBesuch des Brudervereins &#8222;Freundschaft Fahrenbach&#8220; zu dessen 60-j\u00e4hrigen Jubil\u00e4um am 25.6.1967.<\/p>\n<p><strong>1970<\/strong><br \/>\nZu den Veranstaltungen z\u00e4hlten (wie in den zur\u00fcckliegenden Jahren) der Kappenabend, die Muttertagsfeier, Besuch von Preis- und Wertungssingen, eine Nikolausfeier f\u00fcr die Kinder, die Mitwirkung am Volkstrauertag, beim Wendelinusgottessdienst in der Sporthalle, bei der Seniorenweihnachtsfeier im Gasthaus H\u00f6lzing, Weihnachtsfeier des Gesangvereins, Mitwirkung bei der Weihnachtsfeier des Sportvereins.<\/p>\n<p>Das Singen bei Beerdigungen und bei Hochzeiten wurde auch in diesem Jahr neu geregelt. Dieses Thema verfolgte den Verein schon nahezu seit seiner Gr\u00fcndung.<\/p>\n<p>Feier des 70-j\u00e4hrige Bestehens der &#8222;Eintracht&#8220; in einem Zelt neben der SV-Halle.<\/p>\n<p><strong>1971<\/strong><br \/>\nTeilnahme an der Beerdigung des ehemaligen Dirigenten Franz Dalpiaz aus Sonderbach in Kirschhausen.<\/p>\n<p>Mitwirkung bei der Meisterschaftsfeier des SV-Fahrenbach.<\/p>\n<p><strong>1972<\/strong><br \/>\nMitwirkung bei der Amtseinf\u00fchrung des aus Fahrenbach stammenden B\u00fcrgermeisters Gregor D\u00f6rsam in der F\u00fcrther Sporthalle.<\/p>\n<p>Das Singen bei Beerdigungen und Hochzeiten wurde erneut geregelt. Es gibt immer noch neue Varianten.<\/p>\n<p><strong>1975<\/strong><br \/>\nAm 30.5. &#8211; 2.6.1975 wurde das 75-j\u00e4hrige Jubil\u00e4um im Festzelt in der Wiese &#8222;Im Oberst&#8220; des Landwirts Karl J\u00e4ger abgehalten. Zu den besonderen Aktivit\u00e4ten bei diesem Fest z\u00e4hlte das von 22 Ch\u00f6ren bestrittene Punktwertungssingen und der von 27 Gastvereinen besuchte Festzug durch unseren Ort. Die Festrede hielten B\u00fcrgermeister Gregor D\u00f6rsam und Landrat Dr. Ekkehard Lommel. Der Prolog der Festdamen wurde von Ehrendame Annemarie Becker vorgetragen. Die Weihe der neuen Fahne \u00fcbernahmen die Geistlichen der beiden Konfessionen. Der Chor z\u00e4hlte zu dieser Zeit 34 S\u00e4nger.<\/p>\n<p>Erstmalig gemeinsame Weihnachtsfeier von Gesangverein und Sportverein.<\/p>\n<p>ngg_shortcode_1_placeholder<br \/>\n<\/p>\n<p><code><\/code><strong>1976<\/strong><br \/>\nErstmalig Scheuerfest bei Heinz J\u00e4ger vom 14.-15.8.1976.<\/p>\n<p><strong>1977<\/strong><br \/>\nWeinprobe im Weingut Lohmann in Bechtheim.<\/p>\n<p><strong>1978<\/strong><br \/>\nNeues Klavier f\u00fcr den Verein gekauft. Vereinsausflug an die Mosel. Fu\u00dfwanderung zum Kreiswald mit sehr gro\u00dfer Beteiligung.<\/p>\n<p style=\"text-align: left;\"><strong>1979<\/strong><br \/>\nTeilnahme an der Beerdigung von Dirigent Karl Weber aus Tr\u00f6sel.<\/p>\n<table border=\"0\">\n<tbody>\n<tr>\n<td>\u00a9 Peter J\u00e4ger<\/td>\n<\/tr>\n<\/tbody>\n<\/table>\n<p style=\"text-align: right;\"><a title=\"Vereinschronik von 1980 - 2000\" href=\"http:\/\/www.eintracht-fahrenbach.de\/?page_id=292\">1980-2000 \u2192<\/a><\/p>\n<p style=\"text-align: left;\"><a title=\"Vereinschronik von 1900 - 1949\" href=\"http:\/\/www.eintracht-fahrenbach.de\/?page_id=40\">\u2190 1900-1949<\/a><\/p>\n","protected":false},"excerpt":{"rendered":"<p>1950 Am 10. &#8211; 12.6.1950 wurde das 50-j\u00e4hrige Jubil\u00e4um im Grasgarten von Adam Wagner (&#8222;Scholze&#8220;) und der sich anschlie\u00dfenden Wiese von Johannes Engelhart gefeiert. Es wurde ein Festzelt f\u00fcr 700 Personen gegen\u00fcber dem Wohnhaus von Leonhard Arnold (&#8222;Kleins&#8220;) aufgebaut. Zum Gedenken an die gefallenen Vereinsmitglieder sowie der Gefallenen aus dem gesamten Ort wurden 2 Findlinge als Gedenksteine am Denkmal errichtet. Die Gedenksteine wurden am Festsonntag enth\u00fcllt und eingeweiht. Am Ehrenmal sprachen die B\u00fcrgermeister Berg aus F\u00fcrth und Schmitt aus Rimbach. Ferner Oberlehrer Kuba und Kaplan Krau\u00df aus F\u00fcrth. Der Gesangverein gab das Lied &#8222;Er liegt auf fremder Erde&#8220; zu Geh\u00f6r. Der Festablauf: Samstag: Festakt im Festzelt mit 200 G\u00e4sten. Sonntag: Weckruf \/ 7.00 Uhr Gottesdienst f\u00fcr die Gefallenen des 2. Weltkrieges \/ 10.00 Uhr Trauerfeier am Ehrenmal und Enth\u00fcllung der beiden Gedenksteine \/ 14.30 Uhr Festzug mit 19 Gastvereinen zum Festzelt. Die von den Festjungfrauen gestiftete Schleife wurde von Ehrendame Tilli G\u00f6lz \u00fcberreicht \/ 20.00 Uhr Tanzveranstaltung im Festzelt. 1951 Ausflug des Vereins nach Wiesbaden, Bad Schwalbach und R\u00fcdesheim. Ferner wurde in diesem Jahr im Rahmen eines Liederabends das Theaterst\u00fcck &#8222;Holzf\u00e4llers Leni&#8220; aufgef\u00fchrt. 1952 Das Eintrittsalter in den Chor wurde gesenkt. Es sollten auch&#8220; Schulentlassene&#8220; dem Verein aktiv beitreten k\u00f6nnen. Die automatische Ehrenmitgliedschaft und Beitragsfreiheit nach 25 Jahren Mitgliedschaft wurde abgeschafft. Ehrenmitglieder sollten nur aufgrund besonderer Leistungen ernannt werden. 1953 Ausflug zusammen mit dem Sportverein \u00fcber Worms nach Bingen. Sp\u00e4ter Weiterfahrt \u00fcber Ingelheim nach Mommenheim ins Weingut Josef Breier, dem Bruder von Adam Breier in der Waldstra\u00dfe 21. Im Laufe der Weinprobe brachte der Chor mit einigen Liedern Josef Breier Gr\u00fc\u00dfe aus seiner alten Heimat. 1954 Ausflug zusammen mit dem Sportverein nach R\u00fcdesheim und einer Wanderung \u00fcber Burg-Rodenstein nach Fr\u00e4nkisch Krumbach. Au\u00dferordentliche Mitgliederversammlung wegen schlechten \u00dcbungsbesuchs und Beratung \u00fcber die Beteiligung bei der Einweihung der SV-Halle. 1955 1. Vorsitzender Josef J\u00e4ger lehnte aus Altersgr\u00fcnden eine erneute Kandidatur ab. In geheimer Abstimmung wurde Franz Arnold zum Vorsitzenden des Gesangvereins &#8222;Eintracht&#8220; gew\u00e4hlt. Sein Gegenkandidat war Josef Arnold III. Theaterauff\u00fchrung des St\u00fcckes &#8222;Familien Anschluss\u201d . Ausflug \u00fcber Heidelberg, Neckarsteinach und Heilbronn nach Kochendorf zur Besichtigung des Salzbergwerkes. Der 1. Liederabend in der SV-Halle mit Vorf\u00fchrung des Einakters &#8222;S\u00e4ngerprobe mit Hindernissen&#8220;. Ferner wurde in diesem Jahr das Theaterspiel &#8222;Der Schu\u00df im Erlengrund&#8220; vorgef\u00fchrt. Zu Ehren der M\u00fctter wurde in der SV-Halle erstmalig eine Veranstaltung abgehalten. Es wurde allen M\u00fcttern ein Blumenstrau\u00df \u00fcberreicht. 1956 Vereinsausflug \u00fcber Erbach, Engelberg, Miltenberg und Amorbach zum Neckar. 1958 Die Muttertagsfeier wurde zum festen Bestandteil im Vereinsleben. Es gab erstmalig auch Kaffee und Kuchen. 1959 Kappenabend erstmals mit B\u00fcttenreden und humorvollen Beitr\u00e4gen im Vereinslokal &#8222;H\u00f6lzing&#8220;. Ausflug nach Fahrenbach bei Mosbach zu dem dortigen Gesangverein &#8222;Freundschaft Fahrenbach&#8220;. Die &#8222;Eintracht&#8220; sang beim Sonntagsgottesdienst in der Kath. Kirche. Gegenbesuch durch den Gesangverein &#8222;Freundschaft Fahrenbach&#8220; mit 90 Personen. 1960 Zum 60-j\u00e4hrigen Gr\u00fcndungsfest wurde der Nachbarverein &#8222;Frohsinn L\u00f6rzenbach&#8220;, die S\u00e4ngerfreunde aus Sonderbach und die Sangesbr\u00fcder &#8222;Freundschaft Fahrenbach&#8220; eingeladen. Zum Festbeginn gab es Liedvortr\u00e4ge am Ehrenmal und anschlie\u00dfend Freundschaftssingen in der Sporthalle. Am Sonntag fr\u00fch wurden St\u00e4ndchen an verschiedenen Punkten im Ort gesungen. Hierbei beteiligte sich auch der Gastverein aus Fahrenbach bei Mosbach. 1967 Besuch des Brudervereins &#8222;Freundschaft Fahrenbach&#8220; zu dessen 60-j\u00e4hrigen Jubil\u00e4um am 25.6.1967. 1970 Zu den Veranstaltungen z\u00e4hlten (wie in den zur\u00fcckliegenden Jahren) der Kappenabend, die Muttertagsfeier, Besuch von Preis- und Wertungssingen, eine Nikolausfeier f\u00fcr die Kinder, die Mitwirkung am Volkstrauertag, beim Wendelinusgottessdienst in der Sporthalle, bei der Seniorenweihnachtsfeier im Gasthaus H\u00f6lzing, Weihnachtsfeier des Gesangvereins, Mitwirkung bei der Weihnachtsfeier des Sportvereins. Das Singen bei Beerdigungen und bei Hochzeiten wurde auch in diesem Jahr neu geregelt. Dieses Thema verfolgte den Verein schon nahezu seit seiner Gr\u00fcndung. Feier des 70-j\u00e4hrige Bestehens der &#8222;Eintracht&#8220; in einem Zelt neben der SV-Halle. 1971 Teilnahme an der Beerdigung des ehemaligen Dirigenten Franz Dalpiaz aus Sonderbach in Kirschhausen. Mitwirkung bei der Meisterschaftsfeier des SV-Fahrenbach. 1972 Mitwirkung bei der Amtseinf\u00fchrung des aus Fahrenbach stammenden B\u00fcrgermeisters Gregor D\u00f6rsam in der F\u00fcrther Sporthalle. Das Singen bei Beerdigungen und Hochzeiten wurde erneut geregelt. Es gibt immer noch neue Varianten. 1975 Am 30.5. &#8211; 2.6.1975 wurde das 75-j\u00e4hrige Jubil\u00e4um im Festzelt in der Wiese &#8222;Im Oberst&#8220; des Landwirts Karl J\u00e4ger abgehalten. Zu den besonderen Aktivit\u00e4ten bei diesem Fest z\u00e4hlte das von 22 Ch\u00f6ren bestrittene Punktwertungssingen und der von 27 Gastvereinen besuchte Festzug durch unseren Ort. Die Festrede hielten B\u00fcrgermeister Gregor D\u00f6rsam und Landrat Dr. Ekkehard Lommel. Der Prolog der Festdamen wurde von Ehrendame Annemarie Becker vorgetragen. Die Weihe der neuen Fahne \u00fcbernahmen die Geistlichen der beiden Konfessionen. Der Chor z\u00e4hlte zu dieser Zeit 34 S\u00e4nger. Erstmalig gemeinsame Weihnachtsfeier von Gesangverein und Sportverein. 1976 Erstmalig Scheuerfest bei Heinz J\u00e4ger vom 14.-15.8.1976. 1977 Weinprobe im Weingut Lohmann in Bechtheim. 1978 Neues Klavier f\u00fcr den Verein gekauft. Vereinsausflug an die Mosel. Fu\u00dfwanderung zum Kreiswald mit sehr gro\u00dfer Beteiligung. 1979 Teilnahme an der Beerdigung von Dirigent Karl Weber aus Tr\u00f6sel. \u00a9 Peter J\u00e4ger 1980-2000 \u2192 \u2190 1900-1949<\/p>\n","protected":false},"author":17,"featured_media":0,"parent":0,"menu_order":0,"comment_status":"closed","ping_status":"closed","template":"","meta":{"ngg_post_thumbnail":0,"footnotes":""},"class_list":["post-283","page","type-page","status-publish","hentry"],"_links":{"self":[{"href":"http:\/\/www.eintracht-fahrenbach.de\/index.php?rest_route=\/wp\/v2\/pages\/283","targetHints":{"allow":["GET"]}}],"collection":[{"href":"http:\/\/www.eintracht-fahrenbach.de\/index.php?rest_route=\/wp\/v2\/pages"}],"about":[{"href":"http:\/\/www.eintracht-fahrenbach.de\/index.php?rest_route=\/wp\/v2\/types\/page"}],"author":[{"embeddable":true,"href":"http:\/\/www.eintracht-fahrenbach.de\/index.php?rest_route=\/wp\/v2\/users\/17"}],"replies":[{"embeddable":true,"href":"http:\/\/www.eintracht-fahrenbach.de\/index.php?rest_route=%2Fwp%2Fv2%2Fcomments&post=283"}],"version-history":[{"count":23,"href":"http:\/\/www.eintracht-fahrenbach.de\/index.php?rest_route=\/wp\/v2\/pages\/283\/revisions"}],"predecessor-version":[{"id":1014,"href":"http:\/\/www.eintracht-fahrenbach.de\/index.php?rest_route=\/wp\/v2\/pages\/283\/revisions\/1014"}],"wp:attachment":[{"href":"http:\/\/www.eintracht-fahrenbach.de\/index.php?rest_route=%2Fwp%2Fv2%2Fmedia&parent=283"}],"curies":[{"name":"wp","href":"https:\/\/api.w.org\/{rel}","templated":true}]}}